{"id":10653,"date":"2021-11-29T21:58:36","date_gmt":"2021-11-30T03:58:36","guid":{"rendered":"http:\/\/stag.mercato.cr\/tienda\/sin%20categor\u00eda\/xolo-salsas-de-regalo-5u\/"},"modified":"2022-05-11T01:18:07","modified_gmt":"2022-05-11T07:18:07","slug":"xolo-salsas-de-regalo-5u","status":"publish","type":"product","link":"http:\/\/stag.mercato.cr\/en\/tienda\/regalos-navidad\/xolo-salsas-de-regalo-5u\/","title":{"rendered":"Xolo Salsas de Regalo 5u"},"content":{"rendered":"","protected":false},"excerpt":{"rendered":"","protected":false},"featured_media":10654,"template":"","meta":[],"product_cat":[204,194,331],"product_tag":[],"yoast_head":"<!-- This site is optimized with the Yoast SEO Premium plugin v20.5 (Yoast SEO v21.6) - https:\/\/yoast.com\/wordpress\/plugins\/seo\/ -->\n<title>Comprar Xolo Salsas de Regalo 5u Org\u00e1nico a domicilio en Costa Rica<\/title>\n<meta name=\"description\" content=\"Xolo Salsas de Regalo 5u org\u00e1nico a domicilio en Costa Rica\" \/>\n<meta name=\"robots\" content=\"index, follow, max-snippet:-1, max-image-preview:large, max-video-preview:-1\" \/>\n<link rel=\"canonical\" href=\"http:\/\/stag.mercato.cr\/en\/tienda\/regalos-navidad\/xolo-salsas-de-regalo-5u\/\" \/>\n<meta property=\"og:locale\" content=\"en_US\" \/>\n<meta property=\"og:type\" content=\"article\" \/>\n<meta property=\"og:title\" content=\"Xolo Salsas de Regalo 5u\" \/>\n<meta property=\"og:description\" content=\"Xolo Salsas de Regalo 5u org\u00e1nico a domicilio en Costa Rica\" \/>\n<meta property=\"og:url\" content=\"http:\/\/stag.mercato.cr\/en\/tienda\/regalos-navidad\/xolo-salsas-de-regalo-5u\/\" \/>\n<meta property=\"og:site_name\" content=\"Mercato - Alimentos con prop\u00f3sito\" \/>\n<meta property=\"article:publisher\" content=\"https:\/\/www.facebook.com\/mercatocostarica\" \/>\n<meta property=\"article:modified_time\" content=\"2022-05-11T07:18:07+00:00\" \/>\n<meta property=\"og:image\" content=\"https:\/\/i0.wp.com\/stag.mercato.cr\/wp-content\/uploads\/2021\/11\/IMG_7443.jpg?fit=2000%2C1339\" \/>\n\t<meta property=\"og:image:width\" content=\"2000\" \/>\n\t<meta property=\"og:image:height\" content=\"1339\" \/>\n\t<meta property=\"og:image:type\" content=\"image\/jpeg\" \/>\n<meta name=\"twitter:card\" content=\"summary_large_image\" \/>\n<meta name=\"twitter:label1\" content=\"Price\" \/>\n\t<meta name=\"twitter:data1\" content=\"&#x20a1;16,450.00 + IVA\" \/>\n\t<meta name=\"twitter:label2\" content=\"Availability\" \/>\n\t<meta name=\"twitter:data2\" content=\"Out of stock\" \/>\n<script type=\"application\/ld+json\" class=\"yoast-schema-graph\">{\"@context\":\"https:\/\/schema.org\",\"@graph\":[{\"@type\":\"WebPage\",\"@id\":\"http:\/\/stag.mercato.cr\/en\/tienda\/regalos-navidad\/xolo-salsas-de-regalo-5u\/\",\"url\":\"http:\/\/stag.mercato.cr\/en\/tienda\/regalos-navidad\/xolo-salsas-de-regalo-5u\/\",\"name\":\"Comprar Xolo Salsas de Regalo 5u Org\u00e1nico a domicilio en Costa Rica\",\"isPartOf\":{\"@id\":\"https:\/\/stag.mercato.cr\/en\/#website\"},\"datePublished\":\"2021-11-30T03:58:36+00:00\",\"dateModified\":\"2022-05-11T07:18:07+00:00\",\"description\":\"Xolo Salsas de Regalo 5u org\u00e1nico a domicilio en Costa Rica\",\"breadcrumb\":{\"@id\":\"http:\/\/stag.mercato.cr\/en\/tienda\/regalos-navidad\/xolo-salsas-de-regalo-5u\/#breadcrumb\"},\"inLanguage\":\"en-US\",\"potentialAction\":[{\"@type\":\"ReadAction\",\"target\":[\"http:\/\/stag.mercato.cr\/en\/tienda\/regalos-navidad\/xolo-salsas-de-regalo-5u\/\"]}]},{\"@type\":\"BreadcrumbList\",\"@id\":\"http:\/\/stag.mercato.cr\/en\/tienda\/regalos-navidad\/xolo-salsas-de-regalo-5u\/#breadcrumb\",\"itemListElement\":[{\"@type\":\"ListItem\",\"position\":1,\"name\":\"INICIO\",\"item\":\"http:\/\/stag.mercato.cr\/en\/\"},{\"@type\":\"ListItem\",\"position\":2,\"name\":\"Shop\",\"item\":\"http:\/\/stag.mercato.cr\/en\/shop\/\"},{\"@type\":\"ListItem\",\"position\":3,\"name\":\"REGALOS\",\"item\":\"http:\/\/stag.mercato.cr\/en\/tienda\/regalos\/\"},{\"@type\":\"ListItem\",\"position\":4,\"name\":\"Regalos de Navidad\",\"item\":\"http:\/\/stag.mercato.cr\/en\/tienda\/regalos-navidad\/\"},{\"@type\":\"ListItem\",\"position\":5,\"name\":\"Xolo Salsas de Regalo 5u\"}]},{\"@type\":\"WebSite\",\"@id\":\"https:\/\/stag.mercato.cr\/en\/#website\",\"url\":\"https:\/\/stag.mercato.cr\/en\/\",\"name\":\"Mercato - Alimentos con prop\u00f3sito\",\"description\":\"Alimentos org\u00e1nicos reci\u00e9n cosechados entregados en tu casa, todos los d\u00edas.\",\"potentialAction\":[{\"@type\":\"SearchAction\",\"target\":{\"@type\":\"EntryPoint\",\"urlTemplate\":\"https:\/\/stag.mercato.cr\/en\/?s={search_term_string}\"},\"query-input\":\"required name=search_term_string\"}],\"inLanguage\":\"en-US\"}]}<\/script>\n<meta property=\"product:price:amount\" content=\"16450.00\" \/>\n<meta property=\"product:price:currency\" content=\"CRC\" \/>\n<meta property=\"og:availability\" content=\"out of stock\" \/>\n<meta property=\"product:availability\" content=\"out of stock\" \/>\n<meta property=\"product:retailer_item_id\" content=\"SalsaXoloRegalo-5u\" \/>\n<meta property=\"product:condition\" content=\"new\" \/>\n<!-- \/ Yoast SEO Premium plugin. -->","yoast_head_json":{"title":"Comprar Xolo Salsas de Regalo 5u Org\u00e1nico a domicilio en Costa Rica","description":"Xolo Salsas de Regalo 5u org\u00e1nico a domicilio en Costa Rica","robots":{"index":"index","follow":"follow","max-snippet":"max-snippet:-1","max-image-preview":"max-image-preview:large","max-video-preview":"max-video-preview:-1"},"canonical":"http:\/\/stag.mercato.cr\/en\/tienda\/regalos-navidad\/xolo-salsas-de-regalo-5u\/","og_locale":"en_US","og_type":"article","og_title":"Xolo Salsas de Regalo 5u","og_description":"Xolo Salsas de Regalo 5u org\u00e1nico a domicilio en Costa Rica","og_url":"http:\/\/stag.mercato.cr\/en\/tienda\/regalos-navidad\/xolo-salsas-de-regalo-5u\/","og_site_name":"Mercato - Alimentos con prop\u00f3sito","article_publisher":"https:\/\/www.facebook.com\/mercatocostarica","article_modified_time":"2022-05-11T07:18:07+00:00","og_image":[{"width":2000,"height":1339,"url":"https:\/\/i0.wp.com\/stag.mercato.cr\/wp-content\/uploads\/2021\/11\/IMG_7443.jpg?fit=2000%2C1339","type":"image\/jpeg"}],"twitter_card":"summary_large_image","twitter_misc":{"Price":"&#x20a1;16,450.00 + IVA","Availability":"Out of stock"},"schema":{"@context":"https:\/\/schema.org","@graph":[{"@type":"WebPage","@id":"http:\/\/stag.mercato.cr\/en\/tienda\/regalos-navidad\/xolo-salsas-de-regalo-5u\/","url":"http:\/\/stag.mercato.cr\/en\/tienda\/regalos-navidad\/xolo-salsas-de-regalo-5u\/","name":"Comprar Xolo Salsas de Regalo 5u Org\u00e1nico a domicilio en Costa Rica","isPartOf":{"@id":"https:\/\/stag.mercato.cr\/en\/#website"},"datePublished":"2021-11-30T03:58:36+00:00","dateModified":"2022-05-11T07:18:07+00:00","description":"Xolo Salsas de Regalo 5u org\u00e1nico a domicilio en Costa Rica","breadcrumb":{"@id":"http:\/\/stag.mercato.cr\/en\/tienda\/regalos-navidad\/xolo-salsas-de-regalo-5u\/#breadcrumb"},"inLanguage":"en-US","potentialAction":[{"@type":"ReadAction","target":["http:\/\/stag.mercato.cr\/en\/tienda\/regalos-navidad\/xolo-salsas-de-regalo-5u\/"]}]},{"@type":"BreadcrumbList","@id":"http:\/\/stag.mercato.cr\/en\/tienda\/regalos-navidad\/xolo-salsas-de-regalo-5u\/#breadcrumb","itemListElement":[{"@type":"ListItem","position":1,"name":"INICIO","item":"http:\/\/stag.mercato.cr\/en\/"},{"@type":"ListItem","position":2,"name":"Shop","item":"http:\/\/stag.mercato.cr\/en\/shop\/"},{"@type":"ListItem","position":3,"name":"REGALOS","item":"http:\/\/stag.mercato.cr\/en\/tienda\/regalos\/"},{"@type":"ListItem","position":4,"name":"Regalos de Navidad","item":"http:\/\/stag.mercato.cr\/en\/tienda\/regalos-navidad\/"},{"@type":"ListItem","position":5,"name":"Xolo Salsas de Regalo 5u"}]},{"@type":"WebSite","@id":"https:\/\/stag.mercato.cr\/en\/#website","url":"https:\/\/stag.mercato.cr\/en\/","name":"Mercato - Alimentos con prop\u00f3sito","description":"Alimentos org\u00e1nicos reci\u00e9n cosechados entregados en tu casa, todos los d\u00edas.","potentialAction":[{"@type":"SearchAction","target":{"@type":"EntryPoint","urlTemplate":"https:\/\/stag.mercato.cr\/en\/?s={search_term_string}"},"query-input":"required name=search_term_string"}],"inLanguage":"en-US"}]},"product_price_amount":"16450.00","product_price_currency":"CRC","og_availability":"out of stock","product_availability":"out of stock","product_retailer_item_id":"SalsaXoloRegalo-5u","product_condition":"new"},"jetpack_sharing_enabled":true,"_links":{"self":[{"href":"http:\/\/stag.mercato.cr\/en\/wp-json\/wp\/v2\/product\/10653"}],"collection":[{"href":"http:\/\/stag.mercato.cr\/en\/wp-json\/wp\/v2\/product"}],"about":[{"href":"http:\/\/stag.mercato.cr\/en\/wp-json\/wp\/v2\/types\/product"}],"wp:featuredmedia":[{"embeddable":true,"href":"http:\/\/stag.mercato.cr\/en\/wp-json\/wp\/v2\/media\/10654"}],"wp:attachment":[{"href":"http:\/\/stag.mercato.cr\/en\/wp-json\/wp\/v2\/media?parent=10653"}],"wp:term":[{"taxonomy":"product_cat","embeddable":true,"href":"http:\/\/stag.mercato.cr\/en\/wp-json\/wp\/v2\/product_cat?post=10653"},{"taxonomy":"product_tag","embeddable":true,"href":"http:\/\/stag.mercato.cr\/en\/wp-json\/wp\/v2\/product_tag?post=10653"}],"curies":[{"name":"wp","href":"https:\/\/api.w.org\/{rel}","templated":true}]}}