{"id":12926,"date":"2022-03-30T16:08:36","date_gmt":"2022-03-30T22:08:36","guid":{"rendered":"http:\/\/stag.mercato.cr\/tienda\/sin%20categor\u00eda\/chocolate-70-barra-bici-50g-naranja\/"},"modified":"2023-07-17T12:52:25","modified_gmt":"2023-07-17T18:52:25","slug":"chocolate-70-barra-bici-50g-naranja","status":"publish","type":"product","link":"http:\/\/stag.mercato.cr\/en\/tienda\/artesanal\/chocolate-70-barra-bici-50g-naranja\/","title":{"rendered":"Chocolate 70% Barra Bici 50g Naranja"},"content":{"rendered":"","protected":false},"excerpt":{"rendered":"","protected":false},"featured_media":12928,"template":"","meta":[],"product_cat":[246,143],"product_tag":[],"yoast_head":"<!-- This site is optimized with the Yoast SEO Premium plugin v20.5 (Yoast SEO v21.6) - https:\/\/yoast.com\/wordpress\/plugins\/seo\/ -->\n<title>Comprar Chocolate 70% Barra Bici 50g Naranja Org\u00e1nico a domicilio en Costa Rica<\/title>\n<meta name=\"description\" content=\"Chocolate 70% Barra Bici 50g Naranja org\u00e1nico a domicilio en Costa Rica\" \/>\n<meta name=\"robots\" content=\"index, follow, max-snippet:-1, max-image-preview:large, max-video-preview:-1\" \/>\n<link rel=\"canonical\" href=\"http:\/\/stag.mercato.cr\/en\/tienda\/artesanal\/chocolate-70-barra-bici-50g-naranja\/\" \/>\n<meta property=\"og:locale\" content=\"en_US\" \/>\n<meta property=\"og:type\" content=\"article\" \/>\n<meta property=\"og:title\" content=\"Chocolate 70% Barra Bici 50g Naranja\" \/>\n<meta property=\"og:description\" content=\"Chocolate 70% Barra Bici 50g Naranja org\u00e1nico a domicilio en Costa Rica\" \/>\n<meta property=\"og:url\" content=\"http:\/\/stag.mercato.cr\/en\/tienda\/artesanal\/chocolate-70-barra-bici-50g-naranja\/\" \/>\n<meta property=\"og:site_name\" content=\"Mercato - Alimentos con prop\u00f3sito\" \/>\n<meta property=\"article:publisher\" content=\"https:\/\/www.facebook.com\/mercatocostarica\" \/>\n<meta property=\"article:modified_time\" content=\"2023-07-17T18:52:25+00:00\" \/>\n<meta property=\"og:image\" content=\"https:\/\/i0.wp.com\/stag.mercato.cr\/wp-content\/uploads\/2022\/03\/IMG_8100-1.jpg?fit=1500%2C1000\" \/>\n\t<meta property=\"og:image:width\" content=\"1500\" \/>\n\t<meta property=\"og:image:height\" content=\"1000\" \/>\n\t<meta property=\"og:image:type\" content=\"image\/jpeg\" \/>\n<meta name=\"twitter:card\" content=\"summary_large_image\" \/>\n<meta name=\"twitter:label1\" content=\"Price\" \/>\n\t<meta name=\"twitter:data1\" content=\"&#x20a1;2,550.00 + IVA\" \/>\n\t<meta name=\"twitter:label2\" content=\"Availability\" \/>\n\t<meta name=\"twitter:data2\" content=\"Out of stock\" \/>\n<script type=\"application\/ld+json\" class=\"yoast-schema-graph\">{\"@context\":\"https:\/\/schema.org\",\"@graph\":[{\"@type\":\"WebPage\",\"@id\":\"http:\/\/stag.mercato.cr\/en\/tienda\/artesanal\/chocolate-70-barra-bici-50g-naranja\/\",\"url\":\"http:\/\/stag.mercato.cr\/en\/tienda\/artesanal\/chocolate-70-barra-bici-50g-naranja\/\",\"name\":\"Comprar Chocolate 70% Barra Bici 50g Naranja Org\u00e1nico a domicilio en Costa Rica\",\"isPartOf\":{\"@id\":\"http:\/\/stag.mercato.cr\/en\/#website\"},\"datePublished\":\"2022-03-30T22:08:36+00:00\",\"dateModified\":\"2023-07-17T18:52:25+00:00\",\"description\":\"Chocolate 70% Barra Bici 50g Naranja org\u00e1nico a domicilio en Costa Rica\",\"breadcrumb\":{\"@id\":\"http:\/\/stag.mercato.cr\/en\/tienda\/artesanal\/chocolate-70-barra-bici-50g-naranja\/#breadcrumb\"},\"inLanguage\":\"en-US\",\"potentialAction\":[{\"@type\":\"ReadAction\",\"target\":[\"http:\/\/stag.mercato.cr\/en\/tienda\/artesanal\/chocolate-70-barra-bici-50g-naranja\/\"]}]},{\"@type\":\"BreadcrumbList\",\"@id\":\"http:\/\/stag.mercato.cr\/en\/tienda\/artesanal\/chocolate-70-barra-bici-50g-naranja\/#breadcrumb\",\"itemListElement\":[{\"@type\":\"ListItem\",\"position\":1,\"name\":\"INICIO\",\"item\":\"http:\/\/stag.mercato.cr\/en\/\"},{\"@type\":\"ListItem\",\"position\":2,\"name\":\"Shop\",\"item\":\"http:\/\/stag.mercato.cr\/en\/shop\/\"},{\"@type\":\"ListItem\",\"position\":3,\"name\":\"ARTESANAL\",\"item\":\"http:\/\/stag.mercato.cr\/en\/tienda\/artesanal\/\"},{\"@type\":\"ListItem\",\"position\":4,\"name\":\"Chocolate 70% Barra Bici 50g Naranja\"}]},{\"@type\":\"WebSite\",\"@id\":\"http:\/\/stag.mercato.cr\/en\/#website\",\"url\":\"http:\/\/stag.mercato.cr\/en\/\",\"name\":\"Mercato - Alimentos con prop\u00f3sito\",\"description\":\"Alimentos org\u00e1nicos reci\u00e9n cosechados entregados en tu casa, todos los d\u00edas.\",\"potentialAction\":[{\"@type\":\"SearchAction\",\"target\":{\"@type\":\"EntryPoint\",\"urlTemplate\":\"http:\/\/stag.mercato.cr\/en\/?s={search_term_string}\"},\"query-input\":\"required name=search_term_string\"}],\"inLanguage\":\"en-US\"}]}<\/script>\n<meta property=\"product:price:amount\" content=\"2550.00\" \/>\n<meta property=\"product:price:currency\" content=\"CRC\" \/>\n<meta property=\"og:availability\" content=\"out of stock\" \/>\n<meta property=\"product:availability\" content=\"out of stock\" \/>\n<meta property=\"product:retailer_item_id\" content=\"ChocBiciNaranja50g\" \/>\n<meta property=\"product:condition\" content=\"new\" \/>\n<!-- \/ Yoast SEO Premium plugin. -->","yoast_head_json":{"title":"Comprar Chocolate 70% Barra Bici 50g Naranja Org\u00e1nico a domicilio en Costa Rica","description":"Chocolate 70% Barra Bici 50g Naranja org\u00e1nico a domicilio en Costa Rica","robots":{"index":"index","follow":"follow","max-snippet":"max-snippet:-1","max-image-preview":"max-image-preview:large","max-video-preview":"max-video-preview:-1"},"canonical":"http:\/\/stag.mercato.cr\/en\/tienda\/artesanal\/chocolate-70-barra-bici-50g-naranja\/","og_locale":"en_US","og_type":"article","og_title":"Chocolate 70% Barra Bici 50g Naranja","og_description":"Chocolate 70% Barra Bici 50g Naranja org\u00e1nico a domicilio en Costa Rica","og_url":"http:\/\/stag.mercato.cr\/en\/tienda\/artesanal\/chocolate-70-barra-bici-50g-naranja\/","og_site_name":"Mercato - Alimentos con prop\u00f3sito","article_publisher":"https:\/\/www.facebook.com\/mercatocostarica","article_modified_time":"2023-07-17T18:52:25+00:00","og_image":[{"width":1500,"height":1000,"url":"https:\/\/i0.wp.com\/stag.mercato.cr\/wp-content\/uploads\/2022\/03\/IMG_8100-1.jpg?fit=1500%2C1000","type":"image\/jpeg"}],"twitter_card":"summary_large_image","twitter_misc":{"Price":"&#x20a1;2,550.00 + IVA","Availability":"Out of stock"},"schema":{"@context":"https:\/\/schema.org","@graph":[{"@type":"WebPage","@id":"http:\/\/stag.mercato.cr\/en\/tienda\/artesanal\/chocolate-70-barra-bici-50g-naranja\/","url":"http:\/\/stag.mercato.cr\/en\/tienda\/artesanal\/chocolate-70-barra-bici-50g-naranja\/","name":"Comprar Chocolate 70% Barra Bici 50g Naranja Org\u00e1nico a domicilio en Costa Rica","isPartOf":{"@id":"http:\/\/stag.mercato.cr\/en\/#website"},"datePublished":"2022-03-30T22:08:36+00:00","dateModified":"2023-07-17T18:52:25+00:00","description":"Chocolate 70% Barra Bici 50g Naranja org\u00e1nico a domicilio en Costa Rica","breadcrumb":{"@id":"http:\/\/stag.mercato.cr\/en\/tienda\/artesanal\/chocolate-70-barra-bici-50g-naranja\/#breadcrumb"},"inLanguage":"en-US","potentialAction":[{"@type":"ReadAction","target":["http:\/\/stag.mercato.cr\/en\/tienda\/artesanal\/chocolate-70-barra-bici-50g-naranja\/"]}]},{"@type":"BreadcrumbList","@id":"http:\/\/stag.mercato.cr\/en\/tienda\/artesanal\/chocolate-70-barra-bici-50g-naranja\/#breadcrumb","itemListElement":[{"@type":"ListItem","position":1,"name":"INICIO","item":"http:\/\/stag.mercato.cr\/en\/"},{"@type":"ListItem","position":2,"name":"Shop","item":"http:\/\/stag.mercato.cr\/en\/shop\/"},{"@type":"ListItem","position":3,"name":"ARTESANAL","item":"http:\/\/stag.mercato.cr\/en\/tienda\/artesanal\/"},{"@type":"ListItem","position":4,"name":"Chocolate 70% Barra Bici 50g Naranja"}]},{"@type":"WebSite","@id":"http:\/\/stag.mercato.cr\/en\/#website","url":"http:\/\/stag.mercato.cr\/en\/","name":"Mercato - Alimentos con prop\u00f3sito","description":"Alimentos org\u00e1nicos reci\u00e9n cosechados entregados en tu casa, todos los d\u00edas.","potentialAction":[{"@type":"SearchAction","target":{"@type":"EntryPoint","urlTemplate":"http:\/\/stag.mercato.cr\/en\/?s={search_term_string}"},"query-input":"required name=search_term_string"}],"inLanguage":"en-US"}]},"product_price_amount":"2550.00","product_price_currency":"CRC","og_availability":"out of stock","product_availability":"out of stock","product_retailer_item_id":"ChocBiciNaranja50g","product_condition":"new"},"jetpack_sharing_enabled":true,"_links":{"self":[{"href":"http:\/\/stag.mercato.cr\/en\/wp-json\/wp\/v2\/product\/12926"}],"collection":[{"href":"http:\/\/stag.mercato.cr\/en\/wp-json\/wp\/v2\/product"}],"about":[{"href":"http:\/\/stag.mercato.cr\/en\/wp-json\/wp\/v2\/types\/product"}],"wp:featuredmedia":[{"embeddable":true,"href":"http:\/\/stag.mercato.cr\/en\/wp-json\/wp\/v2\/media\/12928"}],"wp:attachment":[{"href":"http:\/\/stag.mercato.cr\/en\/wp-json\/wp\/v2\/media?parent=12926"}],"wp:term":[{"taxonomy":"product_cat","embeddable":true,"href":"http:\/\/stag.mercato.cr\/en\/wp-json\/wp\/v2\/product_cat?post=12926"},{"taxonomy":"product_tag","embeddable":true,"href":"http:\/\/stag.mercato.cr\/en\/wp-json\/wp\/v2\/product_tag?post=12926"}],"curies":[{"name":"wp","href":"https:\/\/api.w.org\/{rel}","templated":true}]}}