{"id":17179,"date":"2022-10-08T11:59:01","date_gmt":"2022-10-08T17:59:01","guid":{"rendered":"http:\/\/stag.mercato.cr\/tienda\/sin%20categor\u00eda\/datiles-secos-con-semilla-220-gr\/"},"modified":"2023-09-22T11:49:09","modified_gmt":"2023-09-22T17:49:09","slug":"datiles-secos-con-semilla-220-gr","status":"publish","type":"product","link":"http:\/\/stag.mercato.cr\/en\/tienda\/especias\/datiles-secos-con-semilla-220-gr\/","title":{"rendered":"D\u00e1tiles secos con semilla 220 gr"},"content":{"rendered":"","protected":false},"excerpt":{"rendered":"","protected":false},"featured_media":9369,"template":"","meta":[],"product_cat":[133],"product_tag":[],"yoast_head":"<!-- This site is optimized with the Yoast SEO Premium plugin v20.5 (Yoast SEO v21.6) - https:\/\/yoast.com\/wordpress\/plugins\/seo\/ -->\n<title>Comprar D\u00e1tiles secos con semilla 220 gr Org\u00e1nico a domicilio en Costa Rica<\/title>\n<meta name=\"description\" content=\"D\u00e1tiles secos con semilla 220 gr org\u00e1nico a domicilio en Costa Rica\" \/>\n<meta name=\"robots\" content=\"index, follow, max-snippet:-1, max-image-preview:large, max-video-preview:-1\" \/>\n<link rel=\"canonical\" href=\"http:\/\/stag.mercato.cr\/en\/tienda\/especias\/datiles-secos-con-semilla-220-gr\/\" \/>\n<meta property=\"og:locale\" content=\"en_US\" \/>\n<meta property=\"og:type\" content=\"article\" \/>\n<meta property=\"og:title\" content=\"D\u00e1tiles secos con semilla 220 gr\" \/>\n<meta property=\"og:description\" content=\"D\u00e1tiles secos con semilla 220 gr org\u00e1nico a domicilio en Costa Rica\" \/>\n<meta property=\"og:url\" content=\"http:\/\/stag.mercato.cr\/en\/tienda\/especias\/datiles-secos-con-semilla-220-gr\/\" \/>\n<meta property=\"og:site_name\" content=\"Mercato - Alimentos con prop\u00f3sito\" \/>\n<meta property=\"article:publisher\" content=\"https:\/\/www.facebook.com\/mercatocostarica\" \/>\n<meta property=\"article:modified_time\" content=\"2023-09-22T17:49:09+00:00\" \/>\n<meta property=\"og:image\" content=\"https:\/\/i0.wp.com\/stag.mercato.cr\/wp-content\/uploads\/2020\/12\/datiles-con-semilla.png?fit=728%2C420\" \/>\n\t<meta property=\"og:image:width\" content=\"728\" \/>\n\t<meta property=\"og:image:height\" content=\"420\" \/>\n\t<meta property=\"og:image:type\" content=\"image\/png\" \/>\n<meta name=\"twitter:card\" content=\"summary_large_image\" \/>\n<meta name=\"twitter:label1\" content=\"Price\" \/>\n\t<meta name=\"twitter:data1\" content=\"&#x20a1;4,100.00 + IVA\" \/>\n\t<meta name=\"twitter:label2\" content=\"Availability\" \/>\n\t<meta name=\"twitter:data2\" content=\"Out of stock\" \/>\n<script type=\"application\/ld+json\" class=\"yoast-schema-graph\">{\"@context\":\"https:\/\/schema.org\",\"@graph\":[{\"@type\":\"WebPage\",\"@id\":\"http:\/\/stag.mercato.cr\/en\/tienda\/especias\/datiles-secos-con-semilla-220-gr\/\",\"url\":\"http:\/\/stag.mercato.cr\/en\/tienda\/especias\/datiles-secos-con-semilla-220-gr\/\",\"name\":\"Comprar D\u00e1tiles secos con semilla 220 gr Org\u00e1nico a domicilio en Costa Rica\",\"isPartOf\":{\"@id\":\"http:\/\/stag.mercato.cr\/en\/#website\"},\"datePublished\":\"2022-10-08T17:59:01+00:00\",\"dateModified\":\"2023-09-22T17:49:09+00:00\",\"description\":\"D\u00e1tiles secos con semilla 220 gr org\u00e1nico a domicilio en Costa Rica\",\"breadcrumb\":{\"@id\":\"http:\/\/stag.mercato.cr\/en\/tienda\/especias\/datiles-secos-con-semilla-220-gr\/#breadcrumb\"},\"inLanguage\":\"en-US\",\"potentialAction\":[{\"@type\":\"ReadAction\",\"target\":[\"http:\/\/stag.mercato.cr\/en\/tienda\/especias\/datiles-secos-con-semilla-220-gr\/\"]}]},{\"@type\":\"BreadcrumbList\",\"@id\":\"http:\/\/stag.mercato.cr\/en\/tienda\/especias\/datiles-secos-con-semilla-220-gr\/#breadcrumb\",\"itemListElement\":[{\"@type\":\"ListItem\",\"position\":1,\"name\":\"INICIO\",\"item\":\"http:\/\/stag.mercato.cr\/en\/\"},{\"@type\":\"ListItem\",\"position\":2,\"name\":\"Shop\",\"item\":\"http:\/\/stag.mercato.cr\/en\/shop\/\"},{\"@type\":\"ListItem\",\"position\":3,\"name\":\"ARTESANAL\",\"item\":\"http:\/\/stag.mercato.cr\/en\/tienda\/artesanal\/\"},{\"@type\":\"ListItem\",\"position\":4,\"name\":\"ESPECIAS Y FRUTOS SECOS\",\"item\":\"http:\/\/stag.mercato.cr\/en\/tienda\/especias\/\"},{\"@type\":\"ListItem\",\"position\":5,\"name\":\"D\u00e1tiles secos con semilla 220 gr\"}]},{\"@type\":\"WebSite\",\"@id\":\"http:\/\/stag.mercato.cr\/en\/#website\",\"url\":\"http:\/\/stag.mercato.cr\/en\/\",\"name\":\"Mercato - Alimentos con prop\u00f3sito\",\"description\":\"Alimentos org\u00e1nicos reci\u00e9n cosechados entregados en tu casa, todos los d\u00edas.\",\"potentialAction\":[{\"@type\":\"SearchAction\",\"target\":{\"@type\":\"EntryPoint\",\"urlTemplate\":\"http:\/\/stag.mercato.cr\/en\/?s={search_term_string}\"},\"query-input\":\"required name=search_term_string\"}],\"inLanguage\":\"en-US\"}]}<\/script>\n<meta property=\"product:price:amount\" content=\"4100.00\" \/>\n<meta property=\"product:price:currency\" content=\"CRC\" \/>\n<meta property=\"og:availability\" content=\"out of stock\" \/>\n<meta property=\"product:availability\" content=\"out of stock\" \/>\n<meta property=\"product:retailer_item_id\" content=\"CONSD\u00e1tilSecoSem220g\" \/>\n<meta property=\"product:condition\" content=\"new\" \/>\n<!-- \/ Yoast SEO Premium plugin. -->","yoast_head_json":{"title":"Comprar D\u00e1tiles secos con semilla 220 gr Org\u00e1nico a domicilio en Costa Rica","description":"D\u00e1tiles secos con semilla 220 gr org\u00e1nico a domicilio en Costa Rica","robots":{"index":"index","follow":"follow","max-snippet":"max-snippet:-1","max-image-preview":"max-image-preview:large","max-video-preview":"max-video-preview:-1"},"canonical":"http:\/\/stag.mercato.cr\/en\/tienda\/especias\/datiles-secos-con-semilla-220-gr\/","og_locale":"en_US","og_type":"article","og_title":"D\u00e1tiles secos con semilla 220 gr","og_description":"D\u00e1tiles secos con semilla 220 gr org\u00e1nico a domicilio en Costa Rica","og_url":"http:\/\/stag.mercato.cr\/en\/tienda\/especias\/datiles-secos-con-semilla-220-gr\/","og_site_name":"Mercato - Alimentos con prop\u00f3sito","article_publisher":"https:\/\/www.facebook.com\/mercatocostarica","article_modified_time":"2023-09-22T17:49:09+00:00","og_image":[{"width":728,"height":420,"url":"https:\/\/i0.wp.com\/stag.mercato.cr\/wp-content\/uploads\/2020\/12\/datiles-con-semilla.png?fit=728%2C420","type":"image\/png"}],"twitter_card":"summary_large_image","twitter_misc":{"Price":"&#x20a1;4,100.00 + IVA","Availability":"Out of stock"},"schema":{"@context":"https:\/\/schema.org","@graph":[{"@type":"WebPage","@id":"http:\/\/stag.mercato.cr\/en\/tienda\/especias\/datiles-secos-con-semilla-220-gr\/","url":"http:\/\/stag.mercato.cr\/en\/tienda\/especias\/datiles-secos-con-semilla-220-gr\/","name":"Comprar D\u00e1tiles secos con semilla 220 gr Org\u00e1nico a domicilio en Costa Rica","isPartOf":{"@id":"http:\/\/stag.mercato.cr\/en\/#website"},"datePublished":"2022-10-08T17:59:01+00:00","dateModified":"2023-09-22T17:49:09+00:00","description":"D\u00e1tiles secos con semilla 220 gr org\u00e1nico a domicilio en Costa Rica","breadcrumb":{"@id":"http:\/\/stag.mercato.cr\/en\/tienda\/especias\/datiles-secos-con-semilla-220-gr\/#breadcrumb"},"inLanguage":"en-US","potentialAction":[{"@type":"ReadAction","target":["http:\/\/stag.mercato.cr\/en\/tienda\/especias\/datiles-secos-con-semilla-220-gr\/"]}]},{"@type":"BreadcrumbList","@id":"http:\/\/stag.mercato.cr\/en\/tienda\/especias\/datiles-secos-con-semilla-220-gr\/#breadcrumb","itemListElement":[{"@type":"ListItem","position":1,"name":"INICIO","item":"http:\/\/stag.mercato.cr\/en\/"},{"@type":"ListItem","position":2,"name":"Shop","item":"http:\/\/stag.mercato.cr\/en\/shop\/"},{"@type":"ListItem","position":3,"name":"ARTESANAL","item":"http:\/\/stag.mercato.cr\/en\/tienda\/artesanal\/"},{"@type":"ListItem","position":4,"name":"ESPECIAS Y FRUTOS SECOS","item":"http:\/\/stag.mercato.cr\/en\/tienda\/especias\/"},{"@type":"ListItem","position":5,"name":"D\u00e1tiles secos con semilla 220 gr"}]},{"@type":"WebSite","@id":"http:\/\/stag.mercato.cr\/en\/#website","url":"http:\/\/stag.mercato.cr\/en\/","name":"Mercato - Alimentos con prop\u00f3sito","description":"Alimentos org\u00e1nicos reci\u00e9n cosechados entregados en tu casa, todos los d\u00edas.","potentialAction":[{"@type":"SearchAction","target":{"@type":"EntryPoint","urlTemplate":"http:\/\/stag.mercato.cr\/en\/?s={search_term_string}"},"query-input":"required name=search_term_string"}],"inLanguage":"en-US"}]},"product_price_amount":"4100.00","product_price_currency":"CRC","og_availability":"out of stock","product_availability":"out of stock","product_retailer_item_id":"CONSD\u00e1tilSecoSem220g","product_condition":"new"},"jetpack_sharing_enabled":true,"_links":{"self":[{"href":"http:\/\/stag.mercato.cr\/en\/wp-json\/wp\/v2\/product\/17179"}],"collection":[{"href":"http:\/\/stag.mercato.cr\/en\/wp-json\/wp\/v2\/product"}],"about":[{"href":"http:\/\/stag.mercato.cr\/en\/wp-json\/wp\/v2\/types\/product"}],"wp:featuredmedia":[{"embeddable":true,"href":"http:\/\/stag.mercato.cr\/en\/wp-json\/wp\/v2\/media\/9369"}],"wp:attachment":[{"href":"http:\/\/stag.mercato.cr\/en\/wp-json\/wp\/v2\/media?parent=17179"}],"wp:term":[{"taxonomy":"product_cat","embeddable":true,"href":"http:\/\/stag.mercato.cr\/en\/wp-json\/wp\/v2\/product_cat?post=17179"},{"taxonomy":"product_tag","embeddable":true,"href":"http:\/\/stag.mercato.cr\/en\/wp-json\/wp\/v2\/product_tag?post=17179"}],"curies":[{"name":"wp","href":"https:\/\/api.w.org\/{rel}","templated":true}]}}