{"id":2276,"date":"2020-11-06T13:32:03","date_gmt":"2020-11-06T19:32:03","guid":{"rendered":"http:\/\/stag.mercato.cr\/?post_type=product&#038;p=2276"},"modified":"2023-09-22T11:40:13","modified_gmt":"2023-09-22T17:40:13","slug":"cacao-garapinado-artesanal-210g","status":"publish","type":"product","link":"http:\/\/stag.mercato.cr\/en\/tienda\/especias\/cacao-garapinado-artesanal-210g\/","title":{"rendered":"Cacao Garapi\u00f1ado artesanal 210g"},"content":{"rendered":"","protected":false},"excerpt":{"rendered":"","protected":false},"featured_media":6527,"template":"","meta":[],"product_cat":[133],"product_tag":[188,190],"yoast_head":"<!-- This site is optimized with the Yoast SEO Premium plugin v20.5 (Yoast SEO v21.6) - https:\/\/yoast.com\/wordpress\/plugins\/seo\/ -->\n<title>Comprar Cacao Garapi\u00f1ado artesanal 210g Org\u00e1nico a domicilio en Costa Rica<\/title>\n<meta name=\"description\" content=\"Cacao Garapi\u00f1ado artesanal 210g org\u00e1nico a domicilio en Costa Rica\" \/>\n<meta name=\"robots\" content=\"index, follow, max-snippet:-1, max-image-preview:large, max-video-preview:-1\" \/>\n<link rel=\"canonical\" href=\"http:\/\/stag.mercato.cr\/en\/tienda\/especias\/cacao-garapinado-artesanal-210g\/\" \/>\n<meta property=\"og:locale\" content=\"en_US\" \/>\n<meta property=\"og:type\" content=\"article\" \/>\n<meta property=\"og:title\" content=\"Cacao Garapi\u00f1ado artesanal 210g\" \/>\n<meta property=\"og:description\" content=\"Cacao Garapi\u00f1ado artesanal 210g org\u00e1nico a domicilio en Costa Rica\" \/>\n<meta property=\"og:url\" content=\"http:\/\/stag.mercato.cr\/en\/tienda\/especias\/cacao-garapinado-artesanal-210g\/\" \/>\n<meta property=\"og:site_name\" content=\"Mercato - Alimentos con prop\u00f3sito\" \/>\n<meta property=\"article:publisher\" content=\"https:\/\/www.facebook.com\/mercatocostarica\" \/>\n<meta property=\"article:modified_time\" content=\"2023-09-22T17:40:13+00:00\" \/>\n<meta property=\"og:image\" content=\"https:\/\/i0.wp.com\/stag.mercato.cr\/wp-content\/uploads\/2021\/02\/IMG_6029.jpg?fit=1024%2C683\" \/>\n\t<meta property=\"og:image:width\" content=\"1024\" \/>\n\t<meta property=\"og:image:height\" content=\"683\" \/>\n\t<meta property=\"og:image:type\" content=\"image\/jpeg\" \/>\n<meta name=\"twitter:card\" content=\"summary_large_image\" \/>\n<meta name=\"twitter:label1\" content=\"Price\" \/>\n\t<meta name=\"twitter:data1\" content=\"&#x20a1;5,500.00 + IVA\" \/>\n\t<meta name=\"twitter:label2\" content=\"Availability\" \/>\n\t<meta name=\"twitter:data2\" content=\"Out of stock\" \/>\n<script type=\"application\/ld+json\" class=\"yoast-schema-graph\">{\"@context\":\"https:\/\/schema.org\",\"@graph\":[{\"@type\":\"WebPage\",\"@id\":\"http:\/\/stag.mercato.cr\/en\/tienda\/especias\/cacao-garapinado-artesanal-210g\/\",\"url\":\"http:\/\/stag.mercato.cr\/en\/tienda\/especias\/cacao-garapinado-artesanal-210g\/\",\"name\":\"Comprar Cacao Garapi\u00f1ado artesanal 210g Org\u00e1nico a domicilio en Costa Rica\",\"isPartOf\":{\"@id\":\"http:\/\/stag.mercato.cr\/en\/#website\"},\"datePublished\":\"2020-11-06T19:32:03+00:00\",\"dateModified\":\"2023-09-22T17:40:13+00:00\",\"description\":\"Cacao Garapi\u00f1ado artesanal 210g org\u00e1nico a domicilio en Costa Rica\",\"breadcrumb\":{\"@id\":\"http:\/\/stag.mercato.cr\/en\/tienda\/especias\/cacao-garapinado-artesanal-210g\/#breadcrumb\"},\"inLanguage\":\"en-US\",\"potentialAction\":[{\"@type\":\"ReadAction\",\"target\":[\"http:\/\/stag.mercato.cr\/en\/tienda\/especias\/cacao-garapinado-artesanal-210g\/\"]}]},{\"@type\":\"BreadcrumbList\",\"@id\":\"http:\/\/stag.mercato.cr\/en\/tienda\/especias\/cacao-garapinado-artesanal-210g\/#breadcrumb\",\"itemListElement\":[{\"@type\":\"ListItem\",\"position\":1,\"name\":\"INICIO\",\"item\":\"https:\/\/stag.mercato.cr\/en\/\"},{\"@type\":\"ListItem\",\"position\":2,\"name\":\"Shop\",\"item\":\"https:\/\/stag.mercato.cr\/en\/shop\/\"},{\"@type\":\"ListItem\",\"position\":3,\"name\":\"ARTESANAL\",\"item\":\"http:\/\/stag.mercato.cr\/en\/tienda\/artesanal\/\"},{\"@type\":\"ListItem\",\"position\":4,\"name\":\"ESPECIAS Y FRUTOS SECOS\",\"item\":\"http:\/\/stag.mercato.cr\/en\/tienda\/especias\/\"},{\"@type\":\"ListItem\",\"position\":5,\"name\":\"Cacao Garapi\u00f1ado artesanal 210g\"}]},{\"@type\":\"WebSite\",\"@id\":\"http:\/\/stag.mercato.cr\/en\/#website\",\"url\":\"http:\/\/stag.mercato.cr\/en\/\",\"name\":\"Mercato - Alimentos con prop\u00f3sito\",\"description\":\"Alimentos org\u00e1nicos reci\u00e9n cosechados entregados en tu casa, todos los d\u00edas.\",\"potentialAction\":[{\"@type\":\"SearchAction\",\"target\":{\"@type\":\"EntryPoint\",\"urlTemplate\":\"http:\/\/stag.mercato.cr\/en\/?s={search_term_string}\"},\"query-input\":\"required name=search_term_string\"}],\"inLanguage\":\"en-US\"}]}<\/script>\n<meta property=\"product:brand\" content=\"Artesanal\" \/>\n<meta property=\"product:price:amount\" content=\"5500.00\" \/>\n<meta property=\"product:price:currency\" content=\"CRC\" \/>\n<meta property=\"og:availability\" content=\"out of stock\" \/>\n<meta property=\"product:availability\" content=\"out of stock\" \/>\n<meta property=\"product:retailer_item_id\" content=\"CONS-CacaoGarap-210g\" \/>\n<meta property=\"product:condition\" content=\"new\" \/>\n<!-- \/ Yoast SEO Premium plugin. -->","yoast_head_json":{"title":"Comprar Cacao Garapi\u00f1ado artesanal 210g Org\u00e1nico a domicilio en Costa Rica","description":"Cacao Garapi\u00f1ado artesanal 210g org\u00e1nico a domicilio en Costa Rica","robots":{"index":"index","follow":"follow","max-snippet":"max-snippet:-1","max-image-preview":"max-image-preview:large","max-video-preview":"max-video-preview:-1"},"canonical":"http:\/\/stag.mercato.cr\/en\/tienda\/especias\/cacao-garapinado-artesanal-210g\/","og_locale":"en_US","og_type":"article","og_title":"Cacao Garapi\u00f1ado artesanal 210g","og_description":"Cacao Garapi\u00f1ado artesanal 210g org\u00e1nico a domicilio en Costa Rica","og_url":"http:\/\/stag.mercato.cr\/en\/tienda\/especias\/cacao-garapinado-artesanal-210g\/","og_site_name":"Mercato - Alimentos con prop\u00f3sito","article_publisher":"https:\/\/www.facebook.com\/mercatocostarica","article_modified_time":"2023-09-22T17:40:13+00:00","og_image":[{"width":1024,"height":683,"url":"https:\/\/i0.wp.com\/stag.mercato.cr\/wp-content\/uploads\/2021\/02\/IMG_6029.jpg?fit=1024%2C683","type":"image\/jpeg"}],"twitter_card":"summary_large_image","twitter_misc":{"Price":"&#x20a1;5,500.00 + IVA","Availability":"Out of stock"},"schema":{"@context":"https:\/\/schema.org","@graph":[{"@type":"WebPage","@id":"http:\/\/stag.mercato.cr\/en\/tienda\/especias\/cacao-garapinado-artesanal-210g\/","url":"http:\/\/stag.mercato.cr\/en\/tienda\/especias\/cacao-garapinado-artesanal-210g\/","name":"Comprar Cacao Garapi\u00f1ado artesanal 210g Org\u00e1nico a domicilio en Costa Rica","isPartOf":{"@id":"http:\/\/stag.mercato.cr\/en\/#website"},"datePublished":"2020-11-06T19:32:03+00:00","dateModified":"2023-09-22T17:40:13+00:00","description":"Cacao Garapi\u00f1ado artesanal 210g org\u00e1nico a domicilio en Costa Rica","breadcrumb":{"@id":"http:\/\/stag.mercato.cr\/en\/tienda\/especias\/cacao-garapinado-artesanal-210g\/#breadcrumb"},"inLanguage":"en-US","potentialAction":[{"@type":"ReadAction","target":["http:\/\/stag.mercato.cr\/en\/tienda\/especias\/cacao-garapinado-artesanal-210g\/"]}]},{"@type":"BreadcrumbList","@id":"http:\/\/stag.mercato.cr\/en\/tienda\/especias\/cacao-garapinado-artesanal-210g\/#breadcrumb","itemListElement":[{"@type":"ListItem","position":1,"name":"INICIO","item":"https:\/\/stag.mercato.cr\/en\/"},{"@type":"ListItem","position":2,"name":"Shop","item":"https:\/\/stag.mercato.cr\/en\/shop\/"},{"@type":"ListItem","position":3,"name":"ARTESANAL","item":"http:\/\/stag.mercato.cr\/en\/tienda\/artesanal\/"},{"@type":"ListItem","position":4,"name":"ESPECIAS Y FRUTOS SECOS","item":"http:\/\/stag.mercato.cr\/en\/tienda\/especias\/"},{"@type":"ListItem","position":5,"name":"Cacao Garapi\u00f1ado artesanal 210g"}]},{"@type":"WebSite","@id":"http:\/\/stag.mercato.cr\/en\/#website","url":"http:\/\/stag.mercato.cr\/en\/","name":"Mercato - Alimentos con prop\u00f3sito","description":"Alimentos org\u00e1nicos reci\u00e9n cosechados entregados en tu casa, todos los d\u00edas.","potentialAction":[{"@type":"SearchAction","target":{"@type":"EntryPoint","urlTemplate":"http:\/\/stag.mercato.cr\/en\/?s={search_term_string}"},"query-input":"required name=search_term_string"}],"inLanguage":"en-US"}]},"product_brand":"Artesanal","product_price_amount":"5500.00","product_price_currency":"CRC","og_availability":"out of stock","product_availability":"out of stock","product_retailer_item_id":"CONS-CacaoGarap-210g","product_condition":"new"},"jetpack_sharing_enabled":true,"_links":{"self":[{"href":"http:\/\/stag.mercato.cr\/en\/wp-json\/wp\/v2\/product\/2276"}],"collection":[{"href":"http:\/\/stag.mercato.cr\/en\/wp-json\/wp\/v2\/product"}],"about":[{"href":"http:\/\/stag.mercato.cr\/en\/wp-json\/wp\/v2\/types\/product"}],"wp:featuredmedia":[{"embeddable":true,"href":"http:\/\/stag.mercato.cr\/en\/wp-json\/wp\/v2\/media\/6527"}],"wp:attachment":[{"href":"http:\/\/stag.mercato.cr\/en\/wp-json\/wp\/v2\/media?parent=2276"}],"wp:term":[{"taxonomy":"product_cat","embeddable":true,"href":"http:\/\/stag.mercato.cr\/en\/wp-json\/wp\/v2\/product_cat?post=2276"},{"taxonomy":"product_tag","embeddable":true,"href":"http:\/\/stag.mercato.cr\/en\/wp-json\/wp\/v2\/product_tag?post=2276"}],"curies":[{"name":"wp","href":"https:\/\/api.w.org\/{rel}","templated":true}]}}