{"id":41721,"date":"2023-03-28T08:51:06","date_gmt":"2023-03-28T14:51:06","guid":{"rendered":"http:\/\/stag.mercato.cr\/tienda\/sin%20categor\u00eda\/kleantab-limpiador-desinfectante-bano-3-tabletas-en-frasco-de-vidrio\/"},"modified":"2023-09-23T23:37:15","modified_gmt":"2023-09-24T05:37:15","slug":"kleantab-limpiador-desinfectante-bano-3-tabletas-en-frasco-de-vidrio","status":"publish","type":"product","link":"http:\/\/stag.mercato.cr\/en\/tienda\/limpieza-y-hogar\/kleantab-limpiador-desinfectante-bano-3-tabletas-en-frasco-de-vidrio\/","title":{"rendered":"KLEANTAB LIMPIADOR DESINFECTANTE BA\u00d1O &#8211; 3 TABLETAS"},"content":{"rendered":"","protected":false},"excerpt":{"rendered":"","protected":false},"featured_media":54404,"template":"","meta":[],"product_cat":[238],"product_tag":[],"yoast_head":"<!-- This site is optimized with the Yoast SEO Premium plugin v20.5 (Yoast SEO v21.6) - https:\/\/yoast.com\/wordpress\/plugins\/seo\/ -->\n<title>Comprar KLEANTAB LIMPIADOR DESINFECTANTE BA\u00d1O - 3 TABLETAS Org\u00e1nico a domicilio en Costa Rica<\/title>\n<meta name=\"description\" content=\"KLEANTAB LIMPIADOR DESINFECTANTE BA\u00d1O - 3 TABLETAS org\u00e1nico a domicilio en Costa Rica\" \/>\n<meta name=\"robots\" content=\"index, follow, max-snippet:-1, max-image-preview:large, max-video-preview:-1\" \/>\n<link rel=\"canonical\" href=\"http:\/\/stag.mercato.cr\/en\/tienda\/limpieza-y-hogar\/kleantab-limpiador-desinfectante-bano-3-tabletas-en-frasco-de-vidrio\/\" \/>\n<meta property=\"og:locale\" content=\"en_US\" \/>\n<meta property=\"og:type\" content=\"article\" \/>\n<meta property=\"og:title\" content=\"KLEANTAB LIMPIADOR DESINFECTANTE BA\u00d1O - 3 TABLETAS\" \/>\n<meta property=\"og:description\" content=\"KLEANTAB LIMPIADOR DESINFECTANTE BA\u00d1O - 3 TABLETAS org\u00e1nico a domicilio en Costa Rica\" \/>\n<meta property=\"og:url\" content=\"http:\/\/stag.mercato.cr\/en\/tienda\/limpieza-y-hogar\/kleantab-limpiador-desinfectante-bano-3-tabletas-en-frasco-de-vidrio\/\" \/>\n<meta property=\"og:site_name\" content=\"Mercato - Alimentos con prop\u00f3sito\" \/>\n<meta property=\"article:publisher\" content=\"https:\/\/www.facebook.com\/mercatocostarica\" \/>\n<meta property=\"article:modified_time\" content=\"2023-09-24T05:37:15+00:00\" \/>\n<meta property=\"og:image\" content=\"https:\/\/i0.wp.com\/stag.mercato.cr\/wp-content\/uploads\/2023\/03\/WhatsApp-Image-2023-08-24-at-6.27.37-PM.jpeg?fit=823%2C823\" \/>\n\t<meta property=\"og:image:width\" content=\"823\" \/>\n\t<meta property=\"og:image:height\" content=\"823\" \/>\n\t<meta property=\"og:image:type\" content=\"image\/jpeg\" \/>\n<meta name=\"twitter:card\" content=\"summary_large_image\" \/>\n<meta name=\"twitter:label1\" content=\"Price\" \/>\n\t<meta name=\"twitter:data1\" content=\"&#x20a1;4,400.00 + IVA\" \/>\n\t<meta name=\"twitter:label2\" content=\"Availability\" \/>\n\t<meta name=\"twitter:data2\" content=\"In stock\" \/>\n<script type=\"application\/ld+json\" class=\"yoast-schema-graph\">{\"@context\":\"https:\/\/schema.org\",\"@graph\":[{\"@type\":\"WebPage\",\"@id\":\"http:\/\/stag.mercato.cr\/en\/tienda\/limpieza-y-hogar\/kleantab-limpiador-desinfectante-bano-3-tabletas-en-frasco-de-vidrio\/\",\"url\":\"http:\/\/stag.mercato.cr\/en\/tienda\/limpieza-y-hogar\/kleantab-limpiador-desinfectante-bano-3-tabletas-en-frasco-de-vidrio\/\",\"name\":\"Comprar KLEANTAB LIMPIADOR DESINFECTANTE BA\u00d1O - 3 TABLETAS Org\u00e1nico a domicilio en Costa Rica\",\"isPartOf\":{\"@id\":\"http:\/\/stag.mercato.cr\/en\/#website\"},\"datePublished\":\"2023-03-28T14:51:06+00:00\",\"dateModified\":\"2023-09-24T05:37:15+00:00\",\"description\":\"KLEANTAB LIMPIADOR DESINFECTANTE BA\u00d1O - 3 TABLETAS org\u00e1nico a domicilio en Costa Rica\",\"breadcrumb\":{\"@id\":\"http:\/\/stag.mercato.cr\/en\/tienda\/limpieza-y-hogar\/kleantab-limpiador-desinfectante-bano-3-tabletas-en-frasco-de-vidrio\/#breadcrumb\"},\"inLanguage\":\"en-US\",\"potentialAction\":[{\"@type\":\"ReadAction\",\"target\":[\"http:\/\/stag.mercato.cr\/en\/tienda\/limpieza-y-hogar\/kleantab-limpiador-desinfectante-bano-3-tabletas-en-frasco-de-vidrio\/\"]}]},{\"@type\":\"BreadcrumbList\",\"@id\":\"http:\/\/stag.mercato.cr\/en\/tienda\/limpieza-y-hogar\/kleantab-limpiador-desinfectante-bano-3-tabletas-en-frasco-de-vidrio\/#breadcrumb\",\"itemListElement\":[{\"@type\":\"ListItem\",\"position\":1,\"name\":\"INICIO\",\"item\":\"https:\/\/stag.mercato.cr\/en\/\"},{\"@type\":\"ListItem\",\"position\":2,\"name\":\"Shop\",\"item\":\"https:\/\/stag.mercato.cr\/en\/shop\/\"},{\"@type\":\"ListItem\",\"position\":3,\"name\":\"LIMPIEZA Y HOGAR\",\"item\":\"http:\/\/stag.mercato.cr\/en\/tienda\/limpieza-y-hogar\/\"},{\"@type\":\"ListItem\",\"position\":4,\"name\":\"KLEANTAB LIMPIADOR DESINFECTANTE BA\u00d1O &#8211; 3 TABLETAS\"}]},{\"@type\":\"WebSite\",\"@id\":\"http:\/\/stag.mercato.cr\/en\/#website\",\"url\":\"http:\/\/stag.mercato.cr\/en\/\",\"name\":\"Mercato - Alimentos con prop\u00f3sito\",\"description\":\"Alimentos org\u00e1nicos reci\u00e9n cosechados entregados en tu casa, todos los d\u00edas.\",\"potentialAction\":[{\"@type\":\"SearchAction\",\"target\":{\"@type\":\"EntryPoint\",\"urlTemplate\":\"http:\/\/stag.mercato.cr\/en\/?s={search_term_string}\"},\"query-input\":\"required name=search_term_string\"}],\"inLanguage\":\"en-US\"}]}<\/script>\n<meta property=\"product:price:amount\" content=\"4400.00\" \/>\n<meta property=\"product:price:currency\" content=\"CRC\" \/>\n<meta property=\"og:availability\" content=\"instock\" \/>\n<meta property=\"product:availability\" content=\"instock\" \/>\n<meta property=\"product:retailer_item_id\" content=\"tablba\u00f1oklean-3u\" \/>\n<meta property=\"product:condition\" content=\"new\" \/>\n<!-- \/ Yoast SEO Premium plugin. -->","yoast_head_json":{"title":"Comprar KLEANTAB LIMPIADOR DESINFECTANTE BA\u00d1O - 3 TABLETAS Org\u00e1nico a domicilio en Costa Rica","description":"KLEANTAB LIMPIADOR DESINFECTANTE BA\u00d1O - 3 TABLETAS org\u00e1nico a domicilio en Costa Rica","robots":{"index":"index","follow":"follow","max-snippet":"max-snippet:-1","max-image-preview":"max-image-preview:large","max-video-preview":"max-video-preview:-1"},"canonical":"http:\/\/stag.mercato.cr\/en\/tienda\/limpieza-y-hogar\/kleantab-limpiador-desinfectante-bano-3-tabletas-en-frasco-de-vidrio\/","og_locale":"en_US","og_type":"article","og_title":"KLEANTAB LIMPIADOR DESINFECTANTE BA\u00d1O - 3 TABLETAS","og_description":"KLEANTAB LIMPIADOR DESINFECTANTE BA\u00d1O - 3 TABLETAS org\u00e1nico a domicilio en Costa Rica","og_url":"http:\/\/stag.mercato.cr\/en\/tienda\/limpieza-y-hogar\/kleantab-limpiador-desinfectante-bano-3-tabletas-en-frasco-de-vidrio\/","og_site_name":"Mercato - Alimentos con prop\u00f3sito","article_publisher":"https:\/\/www.facebook.com\/mercatocostarica","article_modified_time":"2023-09-24T05:37:15+00:00","og_image":[{"width":823,"height":823,"url":"https:\/\/i0.wp.com\/stag.mercato.cr\/wp-content\/uploads\/2023\/03\/WhatsApp-Image-2023-08-24-at-6.27.37-PM.jpeg?fit=823%2C823","type":"image\/jpeg"}],"twitter_card":"summary_large_image","twitter_misc":{"Price":"&#x20a1;4,400.00 + IVA","Availability":"In stock"},"schema":{"@context":"https:\/\/schema.org","@graph":[{"@type":"WebPage","@id":"http:\/\/stag.mercato.cr\/en\/tienda\/limpieza-y-hogar\/kleantab-limpiador-desinfectante-bano-3-tabletas-en-frasco-de-vidrio\/","url":"http:\/\/stag.mercato.cr\/en\/tienda\/limpieza-y-hogar\/kleantab-limpiador-desinfectante-bano-3-tabletas-en-frasco-de-vidrio\/","name":"Comprar KLEANTAB LIMPIADOR DESINFECTANTE BA\u00d1O - 3 TABLETAS Org\u00e1nico a domicilio en Costa Rica","isPartOf":{"@id":"http:\/\/stag.mercato.cr\/en\/#website"},"datePublished":"2023-03-28T14:51:06+00:00","dateModified":"2023-09-24T05:37:15+00:00","description":"KLEANTAB LIMPIADOR DESINFECTANTE BA\u00d1O - 3 TABLETAS org\u00e1nico a domicilio en Costa Rica","breadcrumb":{"@id":"http:\/\/stag.mercato.cr\/en\/tienda\/limpieza-y-hogar\/kleantab-limpiador-desinfectante-bano-3-tabletas-en-frasco-de-vidrio\/#breadcrumb"},"inLanguage":"en-US","potentialAction":[{"@type":"ReadAction","target":["http:\/\/stag.mercato.cr\/en\/tienda\/limpieza-y-hogar\/kleantab-limpiador-desinfectante-bano-3-tabletas-en-frasco-de-vidrio\/"]}]},{"@type":"BreadcrumbList","@id":"http:\/\/stag.mercato.cr\/en\/tienda\/limpieza-y-hogar\/kleantab-limpiador-desinfectante-bano-3-tabletas-en-frasco-de-vidrio\/#breadcrumb","itemListElement":[{"@type":"ListItem","position":1,"name":"INICIO","item":"https:\/\/stag.mercato.cr\/en\/"},{"@type":"ListItem","position":2,"name":"Shop","item":"https:\/\/stag.mercato.cr\/en\/shop\/"},{"@type":"ListItem","position":3,"name":"LIMPIEZA Y HOGAR","item":"http:\/\/stag.mercato.cr\/en\/tienda\/limpieza-y-hogar\/"},{"@type":"ListItem","position":4,"name":"KLEANTAB LIMPIADOR DESINFECTANTE BA\u00d1O &#8211; 3 TABLETAS"}]},{"@type":"WebSite","@id":"http:\/\/stag.mercato.cr\/en\/#website","url":"http:\/\/stag.mercato.cr\/en\/","name":"Mercato - Alimentos con prop\u00f3sito","description":"Alimentos org\u00e1nicos reci\u00e9n cosechados entregados en tu casa, todos los d\u00edas.","potentialAction":[{"@type":"SearchAction","target":{"@type":"EntryPoint","urlTemplate":"http:\/\/stag.mercato.cr\/en\/?s={search_term_string}"},"query-input":"required name=search_term_string"}],"inLanguage":"en-US"}]},"product_price_amount":"4400.00","product_price_currency":"CRC","og_availability":"instock","product_availability":"instock","product_retailer_item_id":"tablba\u00f1oklean-3u","product_condition":"new"},"jetpack_sharing_enabled":true,"_links":{"self":[{"href":"http:\/\/stag.mercato.cr\/en\/wp-json\/wp\/v2\/product\/41721"}],"collection":[{"href":"http:\/\/stag.mercato.cr\/en\/wp-json\/wp\/v2\/product"}],"about":[{"href":"http:\/\/stag.mercato.cr\/en\/wp-json\/wp\/v2\/types\/product"}],"wp:featuredmedia":[{"embeddable":true,"href":"http:\/\/stag.mercato.cr\/en\/wp-json\/wp\/v2\/media\/54404"}],"wp:attachment":[{"href":"http:\/\/stag.mercato.cr\/en\/wp-json\/wp\/v2\/media?parent=41721"}],"wp:term":[{"taxonomy":"product_cat","embeddable":true,"href":"http:\/\/stag.mercato.cr\/en\/wp-json\/wp\/v2\/product_cat?post=41721"},{"taxonomy":"product_tag","embeddable":true,"href":"http:\/\/stag.mercato.cr\/en\/wp-json\/wp\/v2\/product_tag?post=41721"}],"curies":[{"name":"wp","href":"https:\/\/api.w.org\/{rel}","templated":true}]}}