{"id":44226,"date":"2023-04-16T08:31:19","date_gmt":"2023-04-16T14:31:19","guid":{"rendered":"http:\/\/stag.mercato.cr\/tienda\/sin%20categor\u00eda\/atun-en-porcion\/"},"modified":"2023-07-31T14:23:27","modified_gmt":"2023-07-31T20:23:27","slug":"atun-en-porcion","status":"publish","type":"product","link":"http:\/\/stag.mercato.cr\/en\/tienda\/mariscos-organicos\/atun-en-porcion\/","title":{"rendered":"At\u00fan en porci\u00f3n"},"content":{"rendered":"","protected":false},"excerpt":{"rendered":"","protected":false},"featured_media":44246,"template":"","meta":[],"product_cat":[250],"product_tag":[],"yoast_head":"<!-- This site is optimized with the Yoast SEO Premium plugin v20.5 (Yoast SEO v21.6) - https:\/\/yoast.com\/wordpress\/plugins\/seo\/ -->\n<title>Comprar At\u00fan en porci\u00f3n Org\u00e1nico a domicilio en Costa Rica<\/title>\n<meta name=\"description\" content=\"At\u00fan en porci\u00f3n org\u00e1nico a domicilio en Costa Rica\" \/>\n<meta name=\"robots\" content=\"index, follow, max-snippet:-1, max-image-preview:large, max-video-preview:-1\" \/>\n<link rel=\"canonical\" href=\"http:\/\/stag.mercato.cr\/en\/tienda\/mariscos-organicos\/atun-en-porcion\/\" \/>\n<meta property=\"og:locale\" content=\"en_US\" \/>\n<meta property=\"og:type\" content=\"article\" \/>\n<meta property=\"og:title\" content=\"At\u00fan en porci\u00f3n\" \/>\n<meta property=\"og:description\" content=\"At\u00fan en porci\u00f3n org\u00e1nico a domicilio en Costa Rica\" \/>\n<meta property=\"og:url\" content=\"http:\/\/stag.mercato.cr\/en\/tienda\/mariscos-organicos\/atun-en-porcion\/\" \/>\n<meta property=\"og:site_name\" content=\"Mercato - Alimentos con prop\u00f3sito\" \/>\n<meta property=\"article:publisher\" content=\"https:\/\/www.facebook.com\/mercatocostarica\" \/>\n<meta property=\"article:modified_time\" content=\"2023-07-31T20:23:27+00:00\" \/>\n<meta property=\"og:image\" content=\"https:\/\/i0.wp.com\/stag.mercato.cr\/wp-content\/uploads\/2023\/04\/2bccac91-9434-401f-b7bf-8eb68b0676bb.png?fit=881%2C587\" \/>\n\t<meta property=\"og:image:width\" content=\"881\" \/>\n\t<meta property=\"og:image:height\" content=\"587\" \/>\n\t<meta property=\"og:image:type\" content=\"image\/png\" \/>\n<meta name=\"twitter:card\" content=\"summary_large_image\" \/>\n<meta name=\"twitter:label1\" content=\"Availability\" \/>\n\t<meta name=\"twitter:data1\" content=\"Out of stock\" \/>\n<script type=\"application\/ld+json\" class=\"yoast-schema-graph\">{\"@context\":\"https:\/\/schema.org\",\"@graph\":[{\"@type\":\"WebPage\",\"@id\":\"http:\/\/stag.mercato.cr\/en\/tienda\/mariscos-organicos\/atun-en-porcion\/\",\"url\":\"http:\/\/stag.mercato.cr\/en\/tienda\/mariscos-organicos\/atun-en-porcion\/\",\"name\":\"Comprar At\u00fan en porci\u00f3n Org\u00e1nico a domicilio en Costa Rica\",\"isPartOf\":{\"@id\":\"https:\/\/stag.mercato.cr\/en\/#website\"},\"datePublished\":\"2023-04-16T14:31:19+00:00\",\"dateModified\":\"2023-07-31T20:23:27+00:00\",\"description\":\"At\u00fan en porci\u00f3n org\u00e1nico a domicilio en Costa Rica\",\"breadcrumb\":{\"@id\":\"http:\/\/stag.mercato.cr\/en\/tienda\/mariscos-organicos\/atun-en-porcion\/#breadcrumb\"},\"inLanguage\":\"en-US\",\"potentialAction\":[{\"@type\":\"ReadAction\",\"target\":[\"http:\/\/stag.mercato.cr\/en\/tienda\/mariscos-organicos\/atun-en-porcion\/\"]}]},{\"@type\":\"BreadcrumbList\",\"@id\":\"http:\/\/stag.mercato.cr\/en\/tienda\/mariscos-organicos\/atun-en-porcion\/#breadcrumb\",\"itemListElement\":[{\"@type\":\"ListItem\",\"position\":1,\"name\":\"INICIO\",\"item\":\"http:\/\/stag.mercato.cr\/en\/\"},{\"@type\":\"ListItem\",\"position\":2,\"name\":\"Shop\",\"item\":\"http:\/\/stag.mercato.cr\/en\/shop\/\"},{\"@type\":\"ListItem\",\"position\":3,\"name\":\"PASTOREO Y PESCA RESPONSABLE\",\"item\":\"http:\/\/stag.mercato.cr\/en\/tienda\/pastoreo-y-pesca-responsable\/\"},{\"@type\":\"ListItem\",\"position\":4,\"name\":\"MARISCOS ORG\u00c1NICOS Y PESCA ARTESANAL\",\"item\":\"http:\/\/stag.mercato.cr\/en\/tienda\/mariscos-organicos\/\"},{\"@type\":\"ListItem\",\"position\":5,\"name\":\"At\u00fan en porci\u00f3n\"}]},{\"@type\":\"WebSite\",\"@id\":\"https:\/\/stag.mercato.cr\/en\/#website\",\"url\":\"https:\/\/stag.mercato.cr\/en\/\",\"name\":\"Mercato - Alimentos con prop\u00f3sito\",\"description\":\"Alimentos org\u00e1nicos reci\u00e9n cosechados entregados en tu casa, todos los d\u00edas.\",\"potentialAction\":[{\"@type\":\"SearchAction\",\"target\":{\"@type\":\"EntryPoint\",\"urlTemplate\":\"https:\/\/stag.mercato.cr\/en\/?s={search_term_string}\"},\"query-input\":\"required name=search_term_string\"}],\"inLanguage\":\"en-US\"}]}<\/script>\n<meta property=\"og:availability\" content=\"out of stock\" \/>\n<meta property=\"product:availability\" content=\"out of stock\" \/>\n<meta property=\"product:condition\" content=\"new\" \/>\n<!-- \/ Yoast SEO Premium plugin. -->","yoast_head_json":{"title":"Comprar At\u00fan en porci\u00f3n Org\u00e1nico a domicilio en Costa Rica","description":"At\u00fan en porci\u00f3n org\u00e1nico a domicilio en Costa Rica","robots":{"index":"index","follow":"follow","max-snippet":"max-snippet:-1","max-image-preview":"max-image-preview:large","max-video-preview":"max-video-preview:-1"},"canonical":"http:\/\/stag.mercato.cr\/en\/tienda\/mariscos-organicos\/atun-en-porcion\/","og_locale":"en_US","og_type":"article","og_title":"At\u00fan en porci\u00f3n","og_description":"At\u00fan en porci\u00f3n org\u00e1nico a domicilio en Costa Rica","og_url":"http:\/\/stag.mercato.cr\/en\/tienda\/mariscos-organicos\/atun-en-porcion\/","og_site_name":"Mercato - Alimentos con prop\u00f3sito","article_publisher":"https:\/\/www.facebook.com\/mercatocostarica","article_modified_time":"2023-07-31T20:23:27+00:00","og_image":[{"width":881,"height":587,"url":"https:\/\/i0.wp.com\/stag.mercato.cr\/wp-content\/uploads\/2023\/04\/2bccac91-9434-401f-b7bf-8eb68b0676bb.png?fit=881%2C587","type":"image\/png"}],"twitter_card":"summary_large_image","twitter_misc":{"Availability":"Out of stock"},"schema":{"@context":"https:\/\/schema.org","@graph":[{"@type":"WebPage","@id":"http:\/\/stag.mercato.cr\/en\/tienda\/mariscos-organicos\/atun-en-porcion\/","url":"http:\/\/stag.mercato.cr\/en\/tienda\/mariscos-organicos\/atun-en-porcion\/","name":"Comprar At\u00fan en porci\u00f3n Org\u00e1nico a domicilio en Costa Rica","isPartOf":{"@id":"https:\/\/stag.mercato.cr\/en\/#website"},"datePublished":"2023-04-16T14:31:19+00:00","dateModified":"2023-07-31T20:23:27+00:00","description":"At\u00fan en porci\u00f3n org\u00e1nico a domicilio en Costa Rica","breadcrumb":{"@id":"http:\/\/stag.mercato.cr\/en\/tienda\/mariscos-organicos\/atun-en-porcion\/#breadcrumb"},"inLanguage":"en-US","potentialAction":[{"@type":"ReadAction","target":["http:\/\/stag.mercato.cr\/en\/tienda\/mariscos-organicos\/atun-en-porcion\/"]}]},{"@type":"BreadcrumbList","@id":"http:\/\/stag.mercato.cr\/en\/tienda\/mariscos-organicos\/atun-en-porcion\/#breadcrumb","itemListElement":[{"@type":"ListItem","position":1,"name":"INICIO","item":"http:\/\/stag.mercato.cr\/en\/"},{"@type":"ListItem","position":2,"name":"Shop","item":"http:\/\/stag.mercato.cr\/en\/shop\/"},{"@type":"ListItem","position":3,"name":"PASTOREO Y PESCA RESPONSABLE","item":"http:\/\/stag.mercato.cr\/en\/tienda\/pastoreo-y-pesca-responsable\/"},{"@type":"ListItem","position":4,"name":"MARISCOS ORG\u00c1NICOS Y PESCA ARTESANAL","item":"http:\/\/stag.mercato.cr\/en\/tienda\/mariscos-organicos\/"},{"@type":"ListItem","position":5,"name":"At\u00fan en porci\u00f3n"}]},{"@type":"WebSite","@id":"https:\/\/stag.mercato.cr\/en\/#website","url":"https:\/\/stag.mercato.cr\/en\/","name":"Mercato - Alimentos con prop\u00f3sito","description":"Alimentos org\u00e1nicos reci\u00e9n cosechados entregados en tu casa, todos los d\u00edas.","potentialAction":[{"@type":"SearchAction","target":{"@type":"EntryPoint","urlTemplate":"https:\/\/stag.mercato.cr\/en\/?s={search_term_string}"},"query-input":"required name=search_term_string"}],"inLanguage":"en-US"}]},"og_availability":"out of stock","product_availability":"out of stock","product_condition":"new"},"jetpack_sharing_enabled":true,"_links":{"self":[{"href":"http:\/\/stag.mercato.cr\/en\/wp-json\/wp\/v2\/product\/44226"}],"collection":[{"href":"http:\/\/stag.mercato.cr\/en\/wp-json\/wp\/v2\/product"}],"about":[{"href":"http:\/\/stag.mercato.cr\/en\/wp-json\/wp\/v2\/types\/product"}],"wp:featuredmedia":[{"embeddable":true,"href":"http:\/\/stag.mercato.cr\/en\/wp-json\/wp\/v2\/media\/44246"}],"wp:attachment":[{"href":"http:\/\/stag.mercato.cr\/en\/wp-json\/wp\/v2\/media?parent=44226"}],"wp:term":[{"taxonomy":"product_cat","embeddable":true,"href":"http:\/\/stag.mercato.cr\/en\/wp-json\/wp\/v2\/product_cat?post=44226"},{"taxonomy":"product_tag","embeddable":true,"href":"http:\/\/stag.mercato.cr\/en\/wp-json\/wp\/v2\/product_tag?post=44226"}],"curies":[{"name":"wp","href":"https:\/\/api.w.org\/{rel}","templated":true}]}}