{"id":46735,"date":"2023-05-18T08:33:24","date_gmt":"2023-05-18T14:33:24","guid":{"rendered":"http:\/\/stag.mercato.cr\/tienda\/sin%20categor\u00eda\/sleep-balm-sister-earth-tubo\/"},"modified":"2023-09-23T23:37:30","modified_gmt":"2023-09-24T05:37:30","slug":"sleep-balm-sister-earth-tubo","status":"publish","type":"product","link":"http:\/\/stag.mercato.cr\/en\/tienda\/cuidado-personal\/sleep-balm-sister-earth-tubo\/","title":{"rendered":"Sleep Balm Sister Earth &#8211; tubo"},"content":{"rendered":"","protected":false},"excerpt":{"rendered":"","protected":false},"featured_media":46695,"template":"","meta":[],"product_cat":[663],"product_tag":[],"yoast_head":"<!-- This site is optimized with the Yoast SEO Premium plugin v20.5 (Yoast SEO v21.6) - https:\/\/yoast.com\/wordpress\/plugins\/seo\/ -->\n<title>Comprar Sleep Balm Sister Earth - tubo Org\u00e1nico a domicilio en Costa Rica<\/title>\n<meta name=\"description\" content=\"Sleep Balm Sister Earth - tubo org\u00e1nico a domicilio en Costa Rica\" \/>\n<meta name=\"robots\" content=\"index, follow, max-snippet:-1, max-image-preview:large, max-video-preview:-1\" \/>\n<link rel=\"canonical\" href=\"http:\/\/stag.mercato.cr\/en\/tienda\/cuidado-personal\/sleep-balm-sister-earth-tubo\/\" \/>\n<meta property=\"og:locale\" content=\"en_US\" \/>\n<meta property=\"og:type\" content=\"article\" \/>\n<meta property=\"og:title\" content=\"Sleep Balm Sister Earth - tubo\" \/>\n<meta property=\"og:description\" content=\"Sleep Balm Sister Earth - tubo org\u00e1nico a domicilio en Costa Rica\" \/>\n<meta property=\"og:url\" content=\"http:\/\/stag.mercato.cr\/en\/tienda\/cuidado-personal\/sleep-balm-sister-earth-tubo\/\" \/>\n<meta property=\"og:site_name\" content=\"Mercato - Alimentos con prop\u00f3sito\" \/>\n<meta property=\"article:publisher\" content=\"https:\/\/www.facebook.com\/mercatocostarica\" \/>\n<meta property=\"article:modified_time\" content=\"2023-09-24T05:37:30+00:00\" \/>\n<meta property=\"og:image\" content=\"https:\/\/i0.wp.com\/stag.mercato.cr\/wp-content\/uploads\/2023\/05\/0S1A4055.jpg?fit=2048%2C1463&ssl=1\" \/>\n\t<meta property=\"og:image:width\" content=\"2048\" \/>\n\t<meta property=\"og:image:height\" content=\"1463\" \/>\n\t<meta property=\"og:image:type\" content=\"image\/jpeg\" \/>\n<meta name=\"twitter:card\" content=\"summary_large_image\" \/>\n<meta name=\"twitter:label1\" content=\"Price\" \/>\n\t<meta name=\"twitter:data1\" content=\"&#x20a1;7,840.00 + IVA\" \/>\n\t<meta name=\"twitter:label2\" content=\"Availability\" \/>\n\t<meta name=\"twitter:data2\" content=\"In stock\" \/>\n<script type=\"application\/ld+json\" class=\"yoast-schema-graph\">{\"@context\":\"https:\/\/schema.org\",\"@graph\":[{\"@type\":\"WebPage\",\"@id\":\"http:\/\/stag.mercato.cr\/en\/tienda\/cuidado-personal\/sleep-balm-sister-earth-tubo\/\",\"url\":\"http:\/\/stag.mercato.cr\/en\/tienda\/cuidado-personal\/sleep-balm-sister-earth-tubo\/\",\"name\":\"Comprar Sleep Balm Sister Earth - tubo Org\u00e1nico a domicilio en Costa Rica\",\"isPartOf\":{\"@id\":\"http:\/\/stag.mercato.cr\/en\/#website\"},\"datePublished\":\"2023-05-18T14:33:24+00:00\",\"dateModified\":\"2023-09-24T05:37:30+00:00\",\"description\":\"Sleep Balm Sister Earth - tubo org\u00e1nico a domicilio en Costa Rica\",\"breadcrumb\":{\"@id\":\"http:\/\/stag.mercato.cr\/en\/tienda\/cuidado-personal\/sleep-balm-sister-earth-tubo\/#breadcrumb\"},\"inLanguage\":\"en-US\",\"potentialAction\":[{\"@type\":\"ReadAction\",\"target\":[\"http:\/\/stag.mercato.cr\/en\/tienda\/cuidado-personal\/sleep-balm-sister-earth-tubo\/\"]}]},{\"@type\":\"BreadcrumbList\",\"@id\":\"http:\/\/stag.mercato.cr\/en\/tienda\/cuidado-personal\/sleep-balm-sister-earth-tubo\/#breadcrumb\",\"itemListElement\":[{\"@type\":\"ListItem\",\"position\":1,\"name\":\"INICIO\",\"item\":\"http:\/\/stag.mercato.cr\/en\/\"},{\"@type\":\"ListItem\",\"position\":2,\"name\":\"Shop\",\"item\":\"http:\/\/stag.mercato.cr\/en\/shop\/\"},{\"@type\":\"ListItem\",\"position\":3,\"name\":\"LIMPIEZA Y HOGAR\",\"item\":\"http:\/\/stag.mercato.cr\/en\/tienda\/limpieza-y-hogar\/\"},{\"@type\":\"ListItem\",\"position\":4,\"name\":\"CUIDADO PERSONAL\",\"item\":\"http:\/\/stag.mercato.cr\/en\/tienda\/cuidado-personal\/\"},{\"@type\":\"ListItem\",\"position\":5,\"name\":\"Sleep Balm Sister Earth &#8211; tubo\"}]},{\"@type\":\"WebSite\",\"@id\":\"http:\/\/stag.mercato.cr\/en\/#website\",\"url\":\"http:\/\/stag.mercato.cr\/en\/\",\"name\":\"Mercato - Alimentos con prop\u00f3sito\",\"description\":\"Alimentos org\u00e1nicos reci\u00e9n cosechados entregados en tu casa, todos los d\u00edas.\",\"potentialAction\":[{\"@type\":\"SearchAction\",\"target\":{\"@type\":\"EntryPoint\",\"urlTemplate\":\"http:\/\/stag.mercato.cr\/en\/?s={search_term_string}\"},\"query-input\":\"required name=search_term_string\"}],\"inLanguage\":\"en-US\"}]}<\/script>\n<meta property=\"product:price:amount\" content=\"7840.00\" \/>\n<meta property=\"product:price:currency\" content=\"CRC\" \/>\n<meta property=\"og:availability\" content=\"instock\" \/>\n<meta property=\"product:availability\" content=\"instock\" \/>\n<meta property=\"product:retailer_item_id\" content=\"BalmSleepSE-u\" \/>\n<meta property=\"product:condition\" content=\"new\" \/>\n<!-- \/ Yoast SEO Premium plugin. -->","yoast_head_json":{"title":"Comprar Sleep Balm Sister Earth - tubo Org\u00e1nico a domicilio en Costa Rica","description":"Sleep Balm Sister Earth - tubo org\u00e1nico a domicilio en Costa Rica","robots":{"index":"index","follow":"follow","max-snippet":"max-snippet:-1","max-image-preview":"max-image-preview:large","max-video-preview":"max-video-preview:-1"},"canonical":"http:\/\/stag.mercato.cr\/en\/tienda\/cuidado-personal\/sleep-balm-sister-earth-tubo\/","og_locale":"en_US","og_type":"article","og_title":"Sleep Balm Sister Earth - tubo","og_description":"Sleep Balm Sister Earth - tubo org\u00e1nico a domicilio en Costa Rica","og_url":"http:\/\/stag.mercato.cr\/en\/tienda\/cuidado-personal\/sleep-balm-sister-earth-tubo\/","og_site_name":"Mercato - Alimentos con prop\u00f3sito","article_publisher":"https:\/\/www.facebook.com\/mercatocostarica","article_modified_time":"2023-09-24T05:37:30+00:00","og_image":[{"width":2048,"height":1463,"url":"https:\/\/i0.wp.com\/stag.mercato.cr\/wp-content\/uploads\/2023\/05\/0S1A4055.jpg?fit=2048%2C1463&ssl=1","type":"image\/jpeg"}],"twitter_card":"summary_large_image","twitter_misc":{"Price":"&#x20a1;7,840.00 + IVA","Availability":"In stock"},"schema":{"@context":"https:\/\/schema.org","@graph":[{"@type":"WebPage","@id":"http:\/\/stag.mercato.cr\/en\/tienda\/cuidado-personal\/sleep-balm-sister-earth-tubo\/","url":"http:\/\/stag.mercato.cr\/en\/tienda\/cuidado-personal\/sleep-balm-sister-earth-tubo\/","name":"Comprar Sleep Balm Sister Earth - tubo Org\u00e1nico a domicilio en Costa Rica","isPartOf":{"@id":"http:\/\/stag.mercato.cr\/en\/#website"},"datePublished":"2023-05-18T14:33:24+00:00","dateModified":"2023-09-24T05:37:30+00:00","description":"Sleep Balm Sister Earth - tubo org\u00e1nico a domicilio en Costa Rica","breadcrumb":{"@id":"http:\/\/stag.mercato.cr\/en\/tienda\/cuidado-personal\/sleep-balm-sister-earth-tubo\/#breadcrumb"},"inLanguage":"en-US","potentialAction":[{"@type":"ReadAction","target":["http:\/\/stag.mercato.cr\/en\/tienda\/cuidado-personal\/sleep-balm-sister-earth-tubo\/"]}]},{"@type":"BreadcrumbList","@id":"http:\/\/stag.mercato.cr\/en\/tienda\/cuidado-personal\/sleep-balm-sister-earth-tubo\/#breadcrumb","itemListElement":[{"@type":"ListItem","position":1,"name":"INICIO","item":"http:\/\/stag.mercato.cr\/en\/"},{"@type":"ListItem","position":2,"name":"Shop","item":"http:\/\/stag.mercato.cr\/en\/shop\/"},{"@type":"ListItem","position":3,"name":"LIMPIEZA Y HOGAR","item":"http:\/\/stag.mercato.cr\/en\/tienda\/limpieza-y-hogar\/"},{"@type":"ListItem","position":4,"name":"CUIDADO PERSONAL","item":"http:\/\/stag.mercato.cr\/en\/tienda\/cuidado-personal\/"},{"@type":"ListItem","position":5,"name":"Sleep Balm Sister Earth &#8211; tubo"}]},{"@type":"WebSite","@id":"http:\/\/stag.mercato.cr\/en\/#website","url":"http:\/\/stag.mercato.cr\/en\/","name":"Mercato - Alimentos con prop\u00f3sito","description":"Alimentos org\u00e1nicos reci\u00e9n cosechados entregados en tu casa, todos los d\u00edas.","potentialAction":[{"@type":"SearchAction","target":{"@type":"EntryPoint","urlTemplate":"http:\/\/stag.mercato.cr\/en\/?s={search_term_string}"},"query-input":"required name=search_term_string"}],"inLanguage":"en-US"}]},"product_price_amount":"7840.00","product_price_currency":"CRC","og_availability":"instock","product_availability":"instock","product_retailer_item_id":"BalmSleepSE-u","product_condition":"new"},"jetpack_sharing_enabled":true,"_links":{"self":[{"href":"http:\/\/stag.mercato.cr\/en\/wp-json\/wp\/v2\/product\/46735"}],"collection":[{"href":"http:\/\/stag.mercato.cr\/en\/wp-json\/wp\/v2\/product"}],"about":[{"href":"http:\/\/stag.mercato.cr\/en\/wp-json\/wp\/v2\/types\/product"}],"wp:featuredmedia":[{"embeddable":true,"href":"http:\/\/stag.mercato.cr\/en\/wp-json\/wp\/v2\/media\/46695"}],"wp:attachment":[{"href":"http:\/\/stag.mercato.cr\/en\/wp-json\/wp\/v2\/media?parent=46735"}],"wp:term":[{"taxonomy":"product_cat","embeddable":true,"href":"http:\/\/stag.mercato.cr\/en\/wp-json\/wp\/v2\/product_cat?post=46735"},{"taxonomy":"product_tag","embeddable":true,"href":"http:\/\/stag.mercato.cr\/en\/wp-json\/wp\/v2\/product_tag?post=46735"}],"curies":[{"name":"wp","href":"https:\/\/api.w.org\/{rel}","templated":true}]}}