{"id":5910,"date":"2021-01-21T19:07:36","date_gmt":"2021-01-22T01:07:36","guid":{"rendered":"http:\/\/stag.mercato.cr\/tienda\/sin%20categor\u00eda\/pasta-vegana-artesanal-200g\/"},"modified":"2021-05-14T08:18:43","modified_gmt":"2021-05-14T14:18:43","slug":"pasta-vegana-artesanal-200g","status":"publish","type":"product","link":"http:\/\/stag.mercato.cr\/en\/tienda\/pastas-organicas-singluten-veganas\/pasta-vegana-artesanal-200g\/","title":{"rendered":"Pasta vegana artesanal 200g"},"content":{"rendered":"","protected":false},"excerpt":{"rendered":"","protected":false},"featured_media":3932,"template":"","meta":[],"product_cat":[135],"product_tag":[188,227],"yoast_head":"<!-- This site is optimized with the Yoast SEO Premium plugin v20.5 (Yoast SEO v21.6) - https:\/\/yoast.com\/wordpress\/plugins\/seo\/ -->\n<title>Comprar Pasta vegana artesanal 200g Org\u00e1nico a domicilio en Costa Rica<\/title>\n<meta name=\"description\" content=\"Pasta vegana artesanal 200g org\u00e1nico a domicilio en Costa Rica\" \/>\n<meta name=\"robots\" content=\"index, follow, max-snippet:-1, max-image-preview:large, max-video-preview:-1\" \/>\n<link rel=\"canonical\" href=\"http:\/\/stag.mercato.cr\/en\/tienda\/pastas-organicas-singluten-veganas\/pasta-vegana-artesanal-200g\/\" \/>\n<meta property=\"og:locale\" content=\"en_US\" \/>\n<meta property=\"og:type\" content=\"article\" \/>\n<meta property=\"og:title\" content=\"Pasta vegana artesanal 200g\" \/>\n<meta property=\"og:description\" content=\"Pasta vegana artesanal 200g org\u00e1nico a domicilio en Costa Rica\" \/>\n<meta property=\"og:url\" content=\"http:\/\/stag.mercato.cr\/en\/tienda\/pastas-organicas-singluten-veganas\/pasta-vegana-artesanal-200g\/\" \/>\n<meta property=\"og:site_name\" content=\"Mercato - Alimentos con prop\u00f3sito\" \/>\n<meta property=\"article:publisher\" content=\"https:\/\/www.facebook.com\/mercatocostarica\" \/>\n<meta property=\"article:modified_time\" content=\"2021-05-14T14:18:43+00:00\" \/>\n<meta property=\"og:image\" content=\"https:\/\/i0.wp.com\/stag.mercato.cr\/wp-content\/uploads\/2020\/11\/IMG_5378.jpg?fit=1024%2C683\" \/>\n\t<meta property=\"og:image:width\" content=\"1024\" \/>\n\t<meta property=\"og:image:height\" content=\"683\" \/>\n\t<meta property=\"og:image:type\" content=\"image\/jpeg\" \/>\n<meta name=\"twitter:card\" content=\"summary_large_image\" \/>\n<meta name=\"twitter:label1\" content=\"Availability\" \/>\n\t<meta name=\"twitter:data1\" content=\"Out of stock\" \/>\n<script type=\"application\/ld+json\" class=\"yoast-schema-graph\">{\"@context\":\"https:\/\/schema.org\",\"@graph\":[{\"@type\":\"WebPage\",\"@id\":\"http:\/\/stag.mercato.cr\/en\/tienda\/pastas-organicas-singluten-veganas\/pasta-vegana-artesanal-200g\/\",\"url\":\"http:\/\/stag.mercato.cr\/en\/tienda\/pastas-organicas-singluten-veganas\/pasta-vegana-artesanal-200g\/\",\"name\":\"Comprar Pasta vegana artesanal 200g Org\u00e1nico a domicilio en Costa Rica\",\"isPartOf\":{\"@id\":\"http:\/\/stag.mercato.cr\/en\/#website\"},\"datePublished\":\"2021-01-22T01:07:36+00:00\",\"dateModified\":\"2021-05-14T14:18:43+00:00\",\"description\":\"Pasta vegana artesanal 200g org\u00e1nico a domicilio en Costa Rica\",\"breadcrumb\":{\"@id\":\"http:\/\/stag.mercato.cr\/en\/tienda\/pastas-organicas-singluten-veganas\/pasta-vegana-artesanal-200g\/#breadcrumb\"},\"inLanguage\":\"en-US\",\"potentialAction\":[{\"@type\":\"ReadAction\",\"target\":[\"http:\/\/stag.mercato.cr\/en\/tienda\/pastas-organicas-singluten-veganas\/pasta-vegana-artesanal-200g\/\"]}]},{\"@type\":\"BreadcrumbList\",\"@id\":\"http:\/\/stag.mercato.cr\/en\/tienda\/pastas-organicas-singluten-veganas\/pasta-vegana-artesanal-200g\/#breadcrumb\",\"itemListElement\":[{\"@type\":\"ListItem\",\"position\":1,\"name\":\"INICIO\",\"item\":\"http:\/\/stag.mercato.cr\/en\/\"},{\"@type\":\"ListItem\",\"position\":2,\"name\":\"Shop\",\"item\":\"http:\/\/stag.mercato.cr\/en\/shop\/\"},{\"@type\":\"ListItem\",\"position\":3,\"name\":\"ARTESANAL\",\"item\":\"http:\/\/stag.mercato.cr\/en\/tienda\/artesanal\/\"},{\"@type\":\"ListItem\",\"position\":4,\"name\":\"PASTAS ARTESANALES Y ALTERNATIVAS\",\"item\":\"http:\/\/stag.mercato.cr\/en\/tienda\/pastas-organicas-singluten-veganas\/\"},{\"@type\":\"ListItem\",\"position\":5,\"name\":\"Pasta vegana artesanal 200g\"}]},{\"@type\":\"WebSite\",\"@id\":\"http:\/\/stag.mercato.cr\/en\/#website\",\"url\":\"http:\/\/stag.mercato.cr\/en\/\",\"name\":\"Mercato - Alimentos con prop\u00f3sito\",\"description\":\"Alimentos org\u00e1nicos reci\u00e9n cosechados entregados en tu casa, todos los d\u00edas.\",\"potentialAction\":[{\"@type\":\"SearchAction\",\"target\":{\"@type\":\"EntryPoint\",\"urlTemplate\":\"http:\/\/stag.mercato.cr\/en\/?s={search_term_string}\"},\"query-input\":\"required name=search_term_string\"}],\"inLanguage\":\"en-US\"}]}<\/script>\n<meta property=\"product:brand\" content=\"Artesanal\" \/>\n<meta property=\"og:availability\" content=\"out of stock\" \/>\n<meta property=\"product:availability\" content=\"out of stock\" \/>\n<meta property=\"product:condition\" content=\"new\" \/>\n<!-- \/ Yoast SEO Premium plugin. -->","yoast_head_json":{"title":"Comprar Pasta vegana artesanal 200g Org\u00e1nico a domicilio en Costa Rica","description":"Pasta vegana artesanal 200g org\u00e1nico a domicilio en Costa Rica","robots":{"index":"index","follow":"follow","max-snippet":"max-snippet:-1","max-image-preview":"max-image-preview:large","max-video-preview":"max-video-preview:-1"},"canonical":"http:\/\/stag.mercato.cr\/en\/tienda\/pastas-organicas-singluten-veganas\/pasta-vegana-artesanal-200g\/","og_locale":"en_US","og_type":"article","og_title":"Pasta vegana artesanal 200g","og_description":"Pasta vegana artesanal 200g org\u00e1nico a domicilio en Costa Rica","og_url":"http:\/\/stag.mercato.cr\/en\/tienda\/pastas-organicas-singluten-veganas\/pasta-vegana-artesanal-200g\/","og_site_name":"Mercato - Alimentos con prop\u00f3sito","article_publisher":"https:\/\/www.facebook.com\/mercatocostarica","article_modified_time":"2021-05-14T14:18:43+00:00","og_image":[{"width":1024,"height":683,"url":"https:\/\/i0.wp.com\/stag.mercato.cr\/wp-content\/uploads\/2020\/11\/IMG_5378.jpg?fit=1024%2C683","type":"image\/jpeg"}],"twitter_card":"summary_large_image","twitter_misc":{"Availability":"Out of stock"},"schema":{"@context":"https:\/\/schema.org","@graph":[{"@type":"WebPage","@id":"http:\/\/stag.mercato.cr\/en\/tienda\/pastas-organicas-singluten-veganas\/pasta-vegana-artesanal-200g\/","url":"http:\/\/stag.mercato.cr\/en\/tienda\/pastas-organicas-singluten-veganas\/pasta-vegana-artesanal-200g\/","name":"Comprar Pasta vegana artesanal 200g Org\u00e1nico a domicilio en Costa Rica","isPartOf":{"@id":"http:\/\/stag.mercato.cr\/en\/#website"},"datePublished":"2021-01-22T01:07:36+00:00","dateModified":"2021-05-14T14:18:43+00:00","description":"Pasta vegana artesanal 200g org\u00e1nico a domicilio en Costa Rica","breadcrumb":{"@id":"http:\/\/stag.mercato.cr\/en\/tienda\/pastas-organicas-singluten-veganas\/pasta-vegana-artesanal-200g\/#breadcrumb"},"inLanguage":"en-US","potentialAction":[{"@type":"ReadAction","target":["http:\/\/stag.mercato.cr\/en\/tienda\/pastas-organicas-singluten-veganas\/pasta-vegana-artesanal-200g\/"]}]},{"@type":"BreadcrumbList","@id":"http:\/\/stag.mercato.cr\/en\/tienda\/pastas-organicas-singluten-veganas\/pasta-vegana-artesanal-200g\/#breadcrumb","itemListElement":[{"@type":"ListItem","position":1,"name":"INICIO","item":"http:\/\/stag.mercato.cr\/en\/"},{"@type":"ListItem","position":2,"name":"Shop","item":"http:\/\/stag.mercato.cr\/en\/shop\/"},{"@type":"ListItem","position":3,"name":"ARTESANAL","item":"http:\/\/stag.mercato.cr\/en\/tienda\/artesanal\/"},{"@type":"ListItem","position":4,"name":"PASTAS ARTESANALES Y ALTERNATIVAS","item":"http:\/\/stag.mercato.cr\/en\/tienda\/pastas-organicas-singluten-veganas\/"},{"@type":"ListItem","position":5,"name":"Pasta vegana artesanal 200g"}]},{"@type":"WebSite","@id":"http:\/\/stag.mercato.cr\/en\/#website","url":"http:\/\/stag.mercato.cr\/en\/","name":"Mercato - Alimentos con prop\u00f3sito","description":"Alimentos org\u00e1nicos reci\u00e9n cosechados entregados en tu casa, todos los d\u00edas.","potentialAction":[{"@type":"SearchAction","target":{"@type":"EntryPoint","urlTemplate":"http:\/\/stag.mercato.cr\/en\/?s={search_term_string}"},"query-input":"required name=search_term_string"}],"inLanguage":"en-US"}]},"product_brand":"Artesanal","og_availability":"out of stock","product_availability":"out of stock","product_condition":"new"},"jetpack_sharing_enabled":true,"_links":{"self":[{"href":"http:\/\/stag.mercato.cr\/en\/wp-json\/wp\/v2\/product\/5910"}],"collection":[{"href":"http:\/\/stag.mercato.cr\/en\/wp-json\/wp\/v2\/product"}],"about":[{"href":"http:\/\/stag.mercato.cr\/en\/wp-json\/wp\/v2\/types\/product"}],"wp:featuredmedia":[{"embeddable":true,"href":"http:\/\/stag.mercato.cr\/en\/wp-json\/wp\/v2\/media\/3932"}],"wp:attachment":[{"href":"http:\/\/stag.mercato.cr\/en\/wp-json\/wp\/v2\/media?parent=5910"}],"wp:term":[{"taxonomy":"product_cat","embeddable":true,"href":"http:\/\/stag.mercato.cr\/en\/wp-json\/wp\/v2\/product_cat?post=5910"},{"taxonomy":"product_tag","embeddable":true,"href":"http:\/\/stag.mercato.cr\/en\/wp-json\/wp\/v2\/product_tag?post=5910"}],"curies":[{"name":"wp","href":"https:\/\/api.w.org\/{rel}","templated":true}]}}