{"id":782,"date":"2020-07-18T20:38:34","date_gmt":"2020-07-19T02:38:34","guid":{"rendered":"http:\/\/stag.mercato.cr\/?post_type=product&#038;p=782"},"modified":"2022-10-06T11:43:31","modified_gmt":"2022-10-06T17:43:31","slug":"infusion-de-jamaica-y-curcuma","status":"publish","type":"product","link":"http:\/\/stag.mercato.cr\/en\/tienda\/bebidas-fermentadas\/infusion-de-jamaica-y-curcuma\/","title":{"rendered":"Infusi\u00f3n de jamaica y curcuma con probi\u00f3ticos 500ml"},"content":{"rendered":"<p>Este producto es un aut\u00e9ntico b\u00e1lsamo para el est\u00f3mago y la sensaci\u00f3n de tomarlo es como ba\u00f1arse en una cascada en un d\u00eda caluroso.\u00a0 Se trata de una infusi\u00f3n de flores jamaica, c\u00farcuma y miel de ca\u00f1a, todos cultivados en San Carlos, en una finca certificada org\u00e1nica. El producto se procesa fresco y se deja fermentar en botella, para que entren las levaduras salvajes a trabajar. El resultado es una bebida ligeramente gaseosa, con un sabor suave, refrescante y llena de vida.<\/p>\n","protected":false},"excerpt":{"rendered":"<p>Este producto es un aut\u00e9ntico b\u00e1lsamo para el est\u00f3mago y la sensaci\u00f3n de tomarlo es como ba\u00f1arse en una cascada en un d\u00eda caluroso.\u00a0 Se trata de una infusi\u00f3n de flores jamaica, c\u00farcuma y miel de ca\u00f1a, todos cultivados en San Carlos, en una finca certificada org\u00e1nica. El producto se procesa fresco y se deja [&hellip;]<\/p>\n","protected":false},"featured_media":5028,"template":"","meta":[],"product_cat":[324],"product_tag":[190,192,185],"yoast_head":"<!-- This site is optimized with the Yoast SEO Premium plugin v20.5 (Yoast SEO v21.6) - https:\/\/yoast.com\/wordpress\/plugins\/seo\/ -->\n<title>Comprar Infusi\u00f3n de jamaica y curcuma con probi\u00f3ticos 500ml Org\u00e1nico a domicilio en Costa Rica<\/title>\n<meta name=\"description\" content=\"Infusi\u00f3n de jamaica y curcuma con probi\u00f3ticos 500ml org\u00e1nico a domicilio en Costa Rica\" \/>\n<meta name=\"robots\" content=\"index, follow, max-snippet:-1, max-image-preview:large, max-video-preview:-1\" \/>\n<link rel=\"canonical\" href=\"http:\/\/stag.mercato.cr\/en\/tienda\/bebidas-fermentadas\/infusion-de-jamaica-y-curcuma\/\" \/>\n<meta property=\"og:locale\" content=\"en_US\" \/>\n<meta property=\"og:type\" content=\"article\" \/>\n<meta property=\"og:title\" content=\"Infusi\u00f3n de jamaica y curcuma con probi\u00f3ticos 500ml\" \/>\n<meta property=\"og:description\" content=\"Infusi\u00f3n de jamaica y curcuma con probi\u00f3ticos 500ml org\u00e1nico a domicilio en Costa Rica\" \/>\n<meta property=\"og:url\" content=\"http:\/\/stag.mercato.cr\/en\/tienda\/bebidas-fermentadas\/infusion-de-jamaica-y-curcuma\/\" \/>\n<meta property=\"og:site_name\" content=\"Mercato - Alimentos con prop\u00f3sito\" \/>\n<meta property=\"article:publisher\" content=\"https:\/\/www.facebook.com\/mercatocostarica\" \/>\n<meta property=\"article:modified_time\" content=\"2022-10-06T17:43:31+00:00\" \/>\n<meta property=\"og:image\" content=\"https:\/\/i0.wp.com\/stag.mercato.cr\/wp-content\/uploads\/2020\/12\/Infusion-de-Jamaica-y-Curcuma_BEBIDAS-CAFE-Y-TE_2947_1-1.jpeg?fit=1024%2C683\" \/>\n\t<meta property=\"og:image:width\" content=\"1024\" \/>\n\t<meta property=\"og:image:height\" content=\"683\" \/>\n\t<meta property=\"og:image:type\" content=\"image\/jpeg\" \/>\n<meta name=\"twitter:card\" content=\"summary_large_image\" \/>\n<meta name=\"twitter:label1\" content=\"Price\" \/>\n\t<meta name=\"twitter:data1\" content=\"&#x20a1;2,350.00 + IVA\" \/>\n\t<meta name=\"twitter:label2\" content=\"Availability\" \/>\n\t<meta name=\"twitter:data2\" content=\"Out of stock\" \/>\n<script type=\"application\/ld+json\" class=\"yoast-schema-graph\">{\"@context\":\"https:\/\/schema.org\",\"@graph\":[{\"@type\":\"WebPage\",\"@id\":\"http:\/\/stag.mercato.cr\/en\/tienda\/bebidas-fermentadas\/infusion-de-jamaica-y-curcuma\/\",\"url\":\"http:\/\/stag.mercato.cr\/en\/tienda\/bebidas-fermentadas\/infusion-de-jamaica-y-curcuma\/\",\"name\":\"Comprar Infusi\u00f3n de jamaica y curcuma con probi\u00f3ticos 500ml Org\u00e1nico a domicilio en Costa Rica\",\"isPartOf\":{\"@id\":\"https:\/\/stag.mercato.cr\/en\/#website\"},\"datePublished\":\"2020-07-19T02:38:34+00:00\",\"dateModified\":\"2022-10-06T17:43:31+00:00\",\"description\":\"Infusi\u00f3n de jamaica y curcuma con probi\u00f3ticos 500ml org\u00e1nico a domicilio en Costa Rica\",\"breadcrumb\":{\"@id\":\"http:\/\/stag.mercato.cr\/en\/tienda\/bebidas-fermentadas\/infusion-de-jamaica-y-curcuma\/#breadcrumb\"},\"inLanguage\":\"en-US\",\"potentialAction\":[{\"@type\":\"ReadAction\",\"target\":[\"http:\/\/stag.mercato.cr\/en\/tienda\/bebidas-fermentadas\/infusion-de-jamaica-y-curcuma\/\"]}]},{\"@type\":\"BreadcrumbList\",\"@id\":\"http:\/\/stag.mercato.cr\/en\/tienda\/bebidas-fermentadas\/infusion-de-jamaica-y-curcuma\/#breadcrumb\",\"itemListElement\":[{\"@type\":\"ListItem\",\"position\":1,\"name\":\"INICIO\",\"item\":\"https:\/\/stag.mercato.cr\/en\/\"},{\"@type\":\"ListItem\",\"position\":2,\"name\":\"Shop\",\"item\":\"https:\/\/stag.mercato.cr\/en\/shop\/\"},{\"@type\":\"ListItem\",\"position\":3,\"name\":\"BEBIDAS Y HELADOS\",\"item\":\"http:\/\/stag.mercato.cr\/en\/tienda\/bebidas-y-helados\/\"},{\"@type\":\"ListItem\",\"position\":4,\"name\":\"BEBIDAS PROBI\u00d3TICAS\",\"item\":\"http:\/\/stag.mercato.cr\/en\/tienda\/bebidas-fermentadas\/\"},{\"@type\":\"ListItem\",\"position\":5,\"name\":\"Infusi\u00f3n de jamaica y curcuma con probi\u00f3ticos 500ml\"}]},{\"@type\":\"WebSite\",\"@id\":\"https:\/\/stag.mercato.cr\/en\/#website\",\"url\":\"https:\/\/stag.mercato.cr\/en\/\",\"name\":\"Mercato - Alimentos con prop\u00f3sito\",\"description\":\"Alimentos org\u00e1nicos reci\u00e9n cosechados entregados en tu casa, todos los d\u00edas.\",\"potentialAction\":[{\"@type\":\"SearchAction\",\"target\":{\"@type\":\"EntryPoint\",\"urlTemplate\":\"https:\/\/stag.mercato.cr\/en\/?s={search_term_string}\"},\"query-input\":\"required name=search_term_string\"}],\"inLanguage\":\"en-US\"}]}<\/script>\n<meta property=\"product:brand\" content=\"Libre de pesticidas\" \/>\n<meta property=\"product:price:amount\" content=\"2350.00\" \/>\n<meta property=\"product:price:currency\" content=\"CRC\" \/>\n<meta property=\"og:availability\" content=\"out of stock\" \/>\n<meta property=\"product:availability\" content=\"out of stock\" \/>\n<meta property=\"product:retailer_item_id\" content=\"Infusi\u00f3nJamCurProb-500ml\" \/>\n<meta property=\"product:condition\" content=\"new\" \/>\n<!-- \/ Yoast SEO Premium plugin. -->","yoast_head_json":{"title":"Comprar Infusi\u00f3n de jamaica y curcuma con probi\u00f3ticos 500ml Org\u00e1nico a domicilio en Costa Rica","description":"Infusi\u00f3n de jamaica y curcuma con probi\u00f3ticos 500ml org\u00e1nico a domicilio en Costa Rica","robots":{"index":"index","follow":"follow","max-snippet":"max-snippet:-1","max-image-preview":"max-image-preview:large","max-video-preview":"max-video-preview:-1"},"canonical":"http:\/\/stag.mercato.cr\/en\/tienda\/bebidas-fermentadas\/infusion-de-jamaica-y-curcuma\/","og_locale":"en_US","og_type":"article","og_title":"Infusi\u00f3n de jamaica y curcuma con probi\u00f3ticos 500ml","og_description":"Infusi\u00f3n de jamaica y curcuma con probi\u00f3ticos 500ml org\u00e1nico a domicilio en Costa Rica","og_url":"http:\/\/stag.mercato.cr\/en\/tienda\/bebidas-fermentadas\/infusion-de-jamaica-y-curcuma\/","og_site_name":"Mercato - Alimentos con prop\u00f3sito","article_publisher":"https:\/\/www.facebook.com\/mercatocostarica","article_modified_time":"2022-10-06T17:43:31+00:00","og_image":[{"width":1024,"height":683,"url":"https:\/\/i0.wp.com\/stag.mercato.cr\/wp-content\/uploads\/2020\/12\/Infusion-de-Jamaica-y-Curcuma_BEBIDAS-CAFE-Y-TE_2947_1-1.jpeg?fit=1024%2C683","type":"image\/jpeg"}],"twitter_card":"summary_large_image","twitter_misc":{"Price":"&#x20a1;2,350.00 + IVA","Availability":"Out of stock"},"schema":{"@context":"https:\/\/schema.org","@graph":[{"@type":"WebPage","@id":"http:\/\/stag.mercato.cr\/en\/tienda\/bebidas-fermentadas\/infusion-de-jamaica-y-curcuma\/","url":"http:\/\/stag.mercato.cr\/en\/tienda\/bebidas-fermentadas\/infusion-de-jamaica-y-curcuma\/","name":"Comprar Infusi\u00f3n de jamaica y curcuma con probi\u00f3ticos 500ml Org\u00e1nico a domicilio en Costa Rica","isPartOf":{"@id":"https:\/\/stag.mercato.cr\/en\/#website"},"datePublished":"2020-07-19T02:38:34+00:00","dateModified":"2022-10-06T17:43:31+00:00","description":"Infusi\u00f3n de jamaica y curcuma con probi\u00f3ticos 500ml org\u00e1nico a domicilio en Costa Rica","breadcrumb":{"@id":"http:\/\/stag.mercato.cr\/en\/tienda\/bebidas-fermentadas\/infusion-de-jamaica-y-curcuma\/#breadcrumb"},"inLanguage":"en-US","potentialAction":[{"@type":"ReadAction","target":["http:\/\/stag.mercato.cr\/en\/tienda\/bebidas-fermentadas\/infusion-de-jamaica-y-curcuma\/"]}]},{"@type":"BreadcrumbList","@id":"http:\/\/stag.mercato.cr\/en\/tienda\/bebidas-fermentadas\/infusion-de-jamaica-y-curcuma\/#breadcrumb","itemListElement":[{"@type":"ListItem","position":1,"name":"INICIO","item":"https:\/\/stag.mercato.cr\/en\/"},{"@type":"ListItem","position":2,"name":"Shop","item":"https:\/\/stag.mercato.cr\/en\/shop\/"},{"@type":"ListItem","position":3,"name":"BEBIDAS Y HELADOS","item":"http:\/\/stag.mercato.cr\/en\/tienda\/bebidas-y-helados\/"},{"@type":"ListItem","position":4,"name":"BEBIDAS PROBI\u00d3TICAS","item":"http:\/\/stag.mercato.cr\/en\/tienda\/bebidas-fermentadas\/"},{"@type":"ListItem","position":5,"name":"Infusi\u00f3n de jamaica y curcuma con probi\u00f3ticos 500ml"}]},{"@type":"WebSite","@id":"https:\/\/stag.mercato.cr\/en\/#website","url":"https:\/\/stag.mercato.cr\/en\/","name":"Mercato - Alimentos con prop\u00f3sito","description":"Alimentos org\u00e1nicos reci\u00e9n cosechados entregados en tu casa, todos los d\u00edas.","potentialAction":[{"@type":"SearchAction","target":{"@type":"EntryPoint","urlTemplate":"https:\/\/stag.mercato.cr\/en\/?s={search_term_string}"},"query-input":"required name=search_term_string"}],"inLanguage":"en-US"}]},"product_brand":"Libre de pesticidas","product_price_amount":"2350.00","product_price_currency":"CRC","og_availability":"out of stock","product_availability":"out of stock","product_retailer_item_id":"Infusi\u00f3nJamCurProb-500ml","product_condition":"new"},"jetpack_sharing_enabled":true,"_links":{"self":[{"href":"http:\/\/stag.mercato.cr\/en\/wp-json\/wp\/v2\/product\/782"}],"collection":[{"href":"http:\/\/stag.mercato.cr\/en\/wp-json\/wp\/v2\/product"}],"about":[{"href":"http:\/\/stag.mercato.cr\/en\/wp-json\/wp\/v2\/types\/product"}],"wp:featuredmedia":[{"embeddable":true,"href":"http:\/\/stag.mercato.cr\/en\/wp-json\/wp\/v2\/media\/5028"}],"wp:attachment":[{"href":"http:\/\/stag.mercato.cr\/en\/wp-json\/wp\/v2\/media?parent=782"}],"wp:term":[{"taxonomy":"product_cat","embeddable":true,"href":"http:\/\/stag.mercato.cr\/en\/wp-json\/wp\/v2\/product_cat?post=782"},{"taxonomy":"product_tag","embeddable":true,"href":"http:\/\/stag.mercato.cr\/en\/wp-json\/wp\/v2\/product_tag?post=782"}],"curies":[{"name":"wp","href":"https:\/\/api.w.org\/{rel}","templated":true}]}}