{"id":7996,"date":"2021-05-14T14:21:13","date_gmt":"2021-05-14T20:21:13","guid":{"rendered":"http:\/\/stag.mercato.cr\/?post_type=product&#038;p=7996"},"modified":"2021-10-14T10:15:06","modified_gmt":"2021-10-14T16:15:06","slug":"jugo-verde-con-curcuma-y-jengibre-350ml","status":"publish","type":"product","link":"http:\/\/stag.mercato.cr\/en\/tienda\/jugos-prensados\/jugo-verde-con-curcuma-y-jengibre-350ml\/","title":{"rendered":"Jugo Verde con c\u00farcuma y jengibre 350ml"},"content":{"rendered":"<p>Todos los d\u00edas prensamos frutas tropicales, c\u00edtricos, jengibre, c\u00farcuma, vegetales org\u00e1nicos y libres de pesticidas, para producir un delicioso jugo verde, repleto de enzimas, vitaminas, minerales, fibra y nutrientes que dif\u00edcilmente recibir\u00edamos de otra manera. Tomelos fr\u00edos, son deliciosos, alcalinizan nuestro cuerpo, aportan energ\u00eda, refrescan, desintoxican, benefician nuestro sistema digestivo y potencializan nuestro sistema inmunol\u00f3gico.<\/p>\n<p>Las botellas son de vidrio reutilizables. Le invitamos a pedir sus jugos verdes de forma recurrente, y si nos devuelve las botellas para reutilizar, eso le genera un ahorro en los siguientes jugos.<\/p>\n","protected":false},"excerpt":{"rendered":"<p>Todos los d\u00edas prensamos frutas tropicales, c\u00edtricos, jengibre, c\u00farcuma, vegetales org\u00e1nicos y libres de pesticidas, para producir un delicioso jugo verde, repleto de enzimas, vitaminas, minerales, fibra y nutrientes que dif\u00edcilmente recibir\u00edamos de otra manera. Tomelos fr\u00edos, son deliciosos, alcalinizan nuestro cuerpo, aportan energ\u00eda, refrescan, desintoxican, benefician nuestro sistema digestivo y potencializan nuestro sistema inmunol\u00f3gico. [&hellip;]<\/p>\n","protected":false},"featured_media":6225,"template":"","meta":[],"product_cat":[325],"product_tag":[],"yoast_head":"<!-- This site is optimized with the Yoast SEO Premium plugin v20.5 (Yoast SEO v21.6) - https:\/\/yoast.com\/wordpress\/plugins\/seo\/ -->\n<title>Comprar Jugo Verde con c\u00farcuma y jengibre 350ml Org\u00e1nico a domicilio en Costa Rica<\/title>\n<meta name=\"description\" content=\"Jugo Verde con c\u00farcuma y jengibre 350ml org\u00e1nico a domicilio en Costa Rica\" \/>\n<meta name=\"robots\" content=\"index, follow, max-snippet:-1, max-image-preview:large, max-video-preview:-1\" \/>\n<link rel=\"canonical\" href=\"http:\/\/stag.mercato.cr\/en\/tienda\/jugos-prensados\/jugo-verde-con-curcuma-y-jengibre-350ml\/\" \/>\n<meta property=\"og:locale\" content=\"en_US\" \/>\n<meta property=\"og:type\" content=\"article\" \/>\n<meta property=\"og:title\" content=\"Jugo Verde con c\u00farcuma y jengibre 350ml\" \/>\n<meta property=\"og:description\" content=\"Jugo Verde con c\u00farcuma y jengibre 350ml org\u00e1nico a domicilio en Costa Rica\" \/>\n<meta property=\"og:url\" content=\"http:\/\/stag.mercato.cr\/en\/tienda\/jugos-prensados\/jugo-verde-con-curcuma-y-jengibre-350ml\/\" \/>\n<meta property=\"og:site_name\" content=\"Mercato - Alimentos con prop\u00f3sito\" \/>\n<meta property=\"article:publisher\" content=\"https:\/\/www.facebook.com\/mercatocostarica\" \/>\n<meta property=\"article:modified_time\" content=\"2021-10-14T16:15:06+00:00\" \/>\n<meta property=\"og:image\" content=\"https:\/\/i0.wp.com\/stag.mercato.cr\/wp-content\/uploads\/2021\/02\/IMG_5469.jpg?fit=1024%2C683\" \/>\n\t<meta property=\"og:image:width\" content=\"1024\" \/>\n\t<meta property=\"og:image:height\" content=\"683\" \/>\n\t<meta property=\"og:image:type\" content=\"image\/jpeg\" \/>\n<meta name=\"twitter:card\" content=\"summary_large_image\" \/>\n<meta name=\"twitter:label1\" content=\"Price\" \/>\n\t<meta name=\"twitter:data1\" content=\"&#x20a1;1,950.00 + IVA\" \/>\n\t<meta name=\"twitter:label2\" content=\"Availability\" \/>\n\t<meta name=\"twitter:data2\" content=\"Out of stock\" \/>\n<script type=\"application\/ld+json\" class=\"yoast-schema-graph\">{\"@context\":\"https:\/\/schema.org\",\"@graph\":[{\"@type\":\"WebPage\",\"@id\":\"http:\/\/stag.mercato.cr\/en\/tienda\/jugos-prensados\/jugo-verde-con-curcuma-y-jengibre-350ml\/\",\"url\":\"http:\/\/stag.mercato.cr\/en\/tienda\/jugos-prensados\/jugo-verde-con-curcuma-y-jengibre-350ml\/\",\"name\":\"Comprar Jugo Verde con c\u00farcuma y jengibre 350ml Org\u00e1nico a domicilio en Costa Rica\",\"isPartOf\":{\"@id\":\"http:\/\/stag.mercato.cr\/en\/#website\"},\"datePublished\":\"2021-05-14T20:21:13+00:00\",\"dateModified\":\"2021-10-14T16:15:06+00:00\",\"description\":\"Jugo Verde con c\u00farcuma y jengibre 350ml org\u00e1nico a domicilio en Costa Rica\",\"breadcrumb\":{\"@id\":\"http:\/\/stag.mercato.cr\/en\/tienda\/jugos-prensados\/jugo-verde-con-curcuma-y-jengibre-350ml\/#breadcrumb\"},\"inLanguage\":\"en-US\",\"potentialAction\":[{\"@type\":\"ReadAction\",\"target\":[\"http:\/\/stag.mercato.cr\/en\/tienda\/jugos-prensados\/jugo-verde-con-curcuma-y-jengibre-350ml\/\"]}]},{\"@type\":\"BreadcrumbList\",\"@id\":\"http:\/\/stag.mercato.cr\/en\/tienda\/jugos-prensados\/jugo-verde-con-curcuma-y-jengibre-350ml\/#breadcrumb\",\"itemListElement\":[{\"@type\":\"ListItem\",\"position\":1,\"name\":\"INICIO\",\"item\":\"http:\/\/stag.mercato.cr\/en\/\"},{\"@type\":\"ListItem\",\"position\":2,\"name\":\"Shop\",\"item\":\"http:\/\/stag.mercato.cr\/en\/shop\/\"},{\"@type\":\"ListItem\",\"position\":3,\"name\":\"BEBIDAS Y HELADOS\",\"item\":\"http:\/\/stag.mercato.cr\/en\/tienda\/bebidas-y-helados\/\"},{\"@type\":\"ListItem\",\"position\":4,\"name\":\"JUGOS PRENSADOS\",\"item\":\"http:\/\/stag.mercato.cr\/en\/tienda\/jugos-prensados\/\"},{\"@type\":\"ListItem\",\"position\":5,\"name\":\"Jugo Verde con c\u00farcuma y jengibre 350ml\"}]},{\"@type\":\"WebSite\",\"@id\":\"http:\/\/stag.mercato.cr\/en\/#website\",\"url\":\"http:\/\/stag.mercato.cr\/en\/\",\"name\":\"Mercato - Alimentos con prop\u00f3sito\",\"description\":\"Alimentos org\u00e1nicos reci\u00e9n cosechados entregados en tu casa, todos los d\u00edas.\",\"potentialAction\":[{\"@type\":\"SearchAction\",\"target\":{\"@type\":\"EntryPoint\",\"urlTemplate\":\"http:\/\/stag.mercato.cr\/en\/?s={search_term_string}\"},\"query-input\":\"required name=search_term_string\"}],\"inLanguage\":\"en-US\"}]}<\/script>\n<meta property=\"product:price:amount\" content=\"1950.00\" \/>\n<meta property=\"product:price:currency\" content=\"CRC\" \/>\n<meta property=\"og:availability\" content=\"out of stock\" \/>\n<meta property=\"product:availability\" content=\"out of stock\" \/>\n<meta property=\"product:retailer_item_id\" content=\"JugoVerd-350ml\" \/>\n<meta property=\"product:condition\" content=\"new\" \/>\n<!-- \/ Yoast SEO Premium plugin. -->","yoast_head_json":{"title":"Comprar Jugo Verde con c\u00farcuma y jengibre 350ml Org\u00e1nico a domicilio en Costa Rica","description":"Jugo Verde con c\u00farcuma y jengibre 350ml org\u00e1nico a domicilio en Costa Rica","robots":{"index":"index","follow":"follow","max-snippet":"max-snippet:-1","max-image-preview":"max-image-preview:large","max-video-preview":"max-video-preview:-1"},"canonical":"http:\/\/stag.mercato.cr\/en\/tienda\/jugos-prensados\/jugo-verde-con-curcuma-y-jengibre-350ml\/","og_locale":"en_US","og_type":"article","og_title":"Jugo Verde con c\u00farcuma y jengibre 350ml","og_description":"Jugo Verde con c\u00farcuma y jengibre 350ml org\u00e1nico a domicilio en Costa Rica","og_url":"http:\/\/stag.mercato.cr\/en\/tienda\/jugos-prensados\/jugo-verde-con-curcuma-y-jengibre-350ml\/","og_site_name":"Mercato - Alimentos con prop\u00f3sito","article_publisher":"https:\/\/www.facebook.com\/mercatocostarica","article_modified_time":"2021-10-14T16:15:06+00:00","og_image":[{"width":1024,"height":683,"url":"https:\/\/i0.wp.com\/stag.mercato.cr\/wp-content\/uploads\/2021\/02\/IMG_5469.jpg?fit=1024%2C683","type":"image\/jpeg"}],"twitter_card":"summary_large_image","twitter_misc":{"Price":"&#x20a1;1,950.00 + IVA","Availability":"Out of stock"},"schema":{"@context":"https:\/\/schema.org","@graph":[{"@type":"WebPage","@id":"http:\/\/stag.mercato.cr\/en\/tienda\/jugos-prensados\/jugo-verde-con-curcuma-y-jengibre-350ml\/","url":"http:\/\/stag.mercato.cr\/en\/tienda\/jugos-prensados\/jugo-verde-con-curcuma-y-jengibre-350ml\/","name":"Comprar Jugo Verde con c\u00farcuma y jengibre 350ml Org\u00e1nico a domicilio en Costa Rica","isPartOf":{"@id":"http:\/\/stag.mercato.cr\/en\/#website"},"datePublished":"2021-05-14T20:21:13+00:00","dateModified":"2021-10-14T16:15:06+00:00","description":"Jugo Verde con c\u00farcuma y jengibre 350ml org\u00e1nico a domicilio en Costa Rica","breadcrumb":{"@id":"http:\/\/stag.mercato.cr\/en\/tienda\/jugos-prensados\/jugo-verde-con-curcuma-y-jengibre-350ml\/#breadcrumb"},"inLanguage":"en-US","potentialAction":[{"@type":"ReadAction","target":["http:\/\/stag.mercato.cr\/en\/tienda\/jugos-prensados\/jugo-verde-con-curcuma-y-jengibre-350ml\/"]}]},{"@type":"BreadcrumbList","@id":"http:\/\/stag.mercato.cr\/en\/tienda\/jugos-prensados\/jugo-verde-con-curcuma-y-jengibre-350ml\/#breadcrumb","itemListElement":[{"@type":"ListItem","position":1,"name":"INICIO","item":"http:\/\/stag.mercato.cr\/en\/"},{"@type":"ListItem","position":2,"name":"Shop","item":"http:\/\/stag.mercato.cr\/en\/shop\/"},{"@type":"ListItem","position":3,"name":"BEBIDAS Y HELADOS","item":"http:\/\/stag.mercato.cr\/en\/tienda\/bebidas-y-helados\/"},{"@type":"ListItem","position":4,"name":"JUGOS PRENSADOS","item":"http:\/\/stag.mercato.cr\/en\/tienda\/jugos-prensados\/"},{"@type":"ListItem","position":5,"name":"Jugo Verde con c\u00farcuma y jengibre 350ml"}]},{"@type":"WebSite","@id":"http:\/\/stag.mercato.cr\/en\/#website","url":"http:\/\/stag.mercato.cr\/en\/","name":"Mercato - Alimentos con prop\u00f3sito","description":"Alimentos org\u00e1nicos reci\u00e9n cosechados entregados en tu casa, todos los d\u00edas.","potentialAction":[{"@type":"SearchAction","target":{"@type":"EntryPoint","urlTemplate":"http:\/\/stag.mercato.cr\/en\/?s={search_term_string}"},"query-input":"required name=search_term_string"}],"inLanguage":"en-US"}]},"product_price_amount":"1950.00","product_price_currency":"CRC","og_availability":"out of stock","product_availability":"out of stock","product_retailer_item_id":"JugoVerd-350ml","product_condition":"new"},"jetpack_sharing_enabled":true,"_links":{"self":[{"href":"http:\/\/stag.mercato.cr\/en\/wp-json\/wp\/v2\/product\/7996"}],"collection":[{"href":"http:\/\/stag.mercato.cr\/en\/wp-json\/wp\/v2\/product"}],"about":[{"href":"http:\/\/stag.mercato.cr\/en\/wp-json\/wp\/v2\/types\/product"}],"wp:featuredmedia":[{"embeddable":true,"href":"http:\/\/stag.mercato.cr\/en\/wp-json\/wp\/v2\/media\/6225"}],"wp:attachment":[{"href":"http:\/\/stag.mercato.cr\/en\/wp-json\/wp\/v2\/media?parent=7996"}],"wp:term":[{"taxonomy":"product_cat","embeddable":true,"href":"http:\/\/stag.mercato.cr\/en\/wp-json\/wp\/v2\/product_cat?post=7996"},{"taxonomy":"product_tag","embeddable":true,"href":"http:\/\/stag.mercato.cr\/en\/wp-json\/wp\/v2\/product_tag?post=7996"}],"curies":[{"name":"wp","href":"https:\/\/api.w.org\/{rel}","templated":true}]}}