{"id":46298,"date":"2023-05-13T12:55:31","date_gmt":"2023-05-13T18:55:31","guid":{"rendered":"http:\/\/stag.mercato.cr\/tienda\/sin%20categor\u00eda\/punta-de-solomo-dry-aged-black-angus\/"},"modified":"2023-09-23T23:37:28","modified_gmt":"2023-09-24T05:37:28","slug":"punta-de-solomo-dry-aged-black-angus","status":"publish","type":"product","link":"https:\/\/stag.mercato.cr\/en\/tienda\/carnes-de-pastoreo\/punta-de-solomo-dry-aged-black-angus\/","title":{"rendered":"Punta de Solomo Dry Aged Black Angus"},"content":{"rendered":"","protected":false},"excerpt":{"rendered":"","protected":false},"featured_media":42412,"template":"","meta":[],"product_cat":[277],"product_tag":[],"yoast_head":"<!-- This site is optimized with the Yoast SEO Premium plugin v20.5 (Yoast SEO v21.6) - https:\/\/yoast.com\/wordpress\/plugins\/seo\/ -->\n<title>Comprar Punta de Solomo Dry Aged Black Angus Org\u00e1nico a domicilio en Costa Rica<\/title>\n<meta name=\"description\" content=\"Punta de Solomo Dry Aged Black Angus org\u00e1nico a domicilio en Costa Rica\" \/>\n<meta name=\"robots\" content=\"index, follow, max-snippet:-1, max-image-preview:large, max-video-preview:-1\" \/>\n<link rel=\"canonical\" href=\"https:\/\/stag.mercato.cr\/en\/tienda\/carnes-de-pastoreo\/punta-de-solomo-dry-aged-black-angus\/\" \/>\n<meta property=\"og:locale\" content=\"en_US\" \/>\n<meta property=\"og:type\" content=\"article\" \/>\n<meta property=\"og:title\" content=\"Punta de Solomo Dry Aged Black Angus\" \/>\n<meta property=\"og:description\" content=\"Punta de Solomo Dry Aged Black Angus org\u00e1nico a domicilio en Costa Rica\" \/>\n<meta property=\"og:url\" content=\"https:\/\/stag.mercato.cr\/en\/tienda\/carnes-de-pastoreo\/punta-de-solomo-dry-aged-black-angus\/\" \/>\n<meta property=\"og:site_name\" content=\"Mercato - Alimentos con prop\u00f3sito\" \/>\n<meta property=\"article:publisher\" content=\"https:\/\/www.facebook.com\/mercatocostarica\" \/>\n<meta property=\"article:modified_time\" content=\"2023-09-24T05:37:28+00:00\" \/>\n<meta property=\"og:image\" content=\"https:\/\/i0.wp.com\/stag.mercato.cr\/wp-content\/uploads\/2023\/03\/img_8323.webp?fit=2000%2C2000\" \/>\n\t<meta property=\"og:image:width\" content=\"2000\" \/>\n\t<meta property=\"og:image:height\" content=\"2000\" \/>\n\t<meta property=\"og:image:type\" content=\"image\/webp\" \/>\n<meta name=\"twitter:card\" content=\"summary_large_image\" \/>\n<meta name=\"twitter:label1\" content=\"Availability\" \/>\n\t<meta name=\"twitter:data1\" content=\"Out of stock\" \/>\n<script type=\"application\/ld+json\" class=\"yoast-schema-graph\">{\"@context\":\"https:\/\/schema.org\",\"@graph\":[{\"@type\":\"WebPage\",\"@id\":\"https:\/\/stag.mercato.cr\/en\/tienda\/carnes-de-pastoreo\/punta-de-solomo-dry-aged-black-angus\/\",\"url\":\"https:\/\/stag.mercato.cr\/en\/tienda\/carnes-de-pastoreo\/punta-de-solomo-dry-aged-black-angus\/\",\"name\":\"Comprar Punta de Solomo Dry Aged Black Angus Org\u00e1nico a domicilio en Costa Rica\",\"isPartOf\":{\"@id\":\"https:\/\/stag.mercato.cr\/en\/#website\"},\"datePublished\":\"2023-05-13T18:55:31+00:00\",\"dateModified\":\"2023-09-24T05:37:28+00:00\",\"description\":\"Punta de Solomo Dry Aged Black Angus org\u00e1nico a domicilio en Costa Rica\",\"breadcrumb\":{\"@id\":\"https:\/\/stag.mercato.cr\/en\/tienda\/carnes-de-pastoreo\/punta-de-solomo-dry-aged-black-angus\/#breadcrumb\"},\"inLanguage\":\"en-US\",\"potentialAction\":[{\"@type\":\"ReadAction\",\"target\":[\"https:\/\/stag.mercato.cr\/en\/tienda\/carnes-de-pastoreo\/punta-de-solomo-dry-aged-black-angus\/\"]}]},{\"@type\":\"BreadcrumbList\",\"@id\":\"https:\/\/stag.mercato.cr\/en\/tienda\/carnes-de-pastoreo\/punta-de-solomo-dry-aged-black-angus\/#breadcrumb\",\"itemListElement\":[{\"@type\":\"ListItem\",\"position\":1,\"name\":\"INICIO\",\"item\":\"http:\/\/stag.mercato.cr\/en\/\"},{\"@type\":\"ListItem\",\"position\":2,\"name\":\"Shop\",\"item\":\"http:\/\/stag.mercato.cr\/en\/shop\/\"},{\"@type\":\"ListItem\",\"position\":3,\"name\":\"PASTOREO Y PESCA RESPONSABLE\",\"item\":\"https:\/\/stag.mercato.cr\/en\/tienda\/pastoreo-y-pesca-responsable\/\"},{\"@type\":\"ListItem\",\"position\":4,\"name\":\"RES DE PASTOREO\",\"item\":\"https:\/\/stag.mercato.cr\/en\/tienda\/carnes-de-pastoreo\/\"},{\"@type\":\"ListItem\",\"position\":5,\"name\":\"Punta de Solomo Dry Aged Black Angus\"}]},{\"@type\":\"WebSite\",\"@id\":\"https:\/\/stag.mercato.cr\/en\/#website\",\"url\":\"https:\/\/stag.mercato.cr\/en\/\",\"name\":\"Mercato - Alimentos con prop\u00f3sito\",\"description\":\"Alimentos org\u00e1nicos reci\u00e9n cosechados entregados en tu casa, todos los d\u00edas.\",\"potentialAction\":[{\"@type\":\"SearchAction\",\"target\":{\"@type\":\"EntryPoint\",\"urlTemplate\":\"https:\/\/stag.mercato.cr\/en\/?s={search_term_string}\"},\"query-input\":\"required name=search_term_string\"}],\"inLanguage\":\"en-US\"}]}<\/script>\n<meta property=\"og:availability\" content=\"out of stock\" \/>\n<meta property=\"product:availability\" content=\"out of stock\" \/>\n<meta property=\"product:condition\" content=\"new\" \/>\n<!-- \/ Yoast SEO Premium plugin. -->","yoast_head_json":{"title":"Comprar Punta de Solomo Dry Aged Black Angus Org\u00e1nico a domicilio en Costa Rica","description":"Punta de Solomo Dry Aged Black Angus org\u00e1nico a domicilio en Costa Rica","robots":{"index":"index","follow":"follow","max-snippet":"max-snippet:-1","max-image-preview":"max-image-preview:large","max-video-preview":"max-video-preview:-1"},"canonical":"https:\/\/stag.mercato.cr\/en\/tienda\/carnes-de-pastoreo\/punta-de-solomo-dry-aged-black-angus\/","og_locale":"en_US","og_type":"article","og_title":"Punta de Solomo Dry Aged Black Angus","og_description":"Punta de Solomo Dry Aged Black Angus org\u00e1nico a domicilio en Costa Rica","og_url":"https:\/\/stag.mercato.cr\/en\/tienda\/carnes-de-pastoreo\/punta-de-solomo-dry-aged-black-angus\/","og_site_name":"Mercato - Alimentos con prop\u00f3sito","article_publisher":"https:\/\/www.facebook.com\/mercatocostarica","article_modified_time":"2023-09-24T05:37:28+00:00","og_image":[{"width":2000,"height":2000,"url":"https:\/\/i0.wp.com\/stag.mercato.cr\/wp-content\/uploads\/2023\/03\/img_8323.webp?fit=2000%2C2000","type":"image\/webp"}],"twitter_card":"summary_large_image","twitter_misc":{"Availability":"Out of stock"},"schema":{"@context":"https:\/\/schema.org","@graph":[{"@type":"WebPage","@id":"https:\/\/stag.mercato.cr\/en\/tienda\/carnes-de-pastoreo\/punta-de-solomo-dry-aged-black-angus\/","url":"https:\/\/stag.mercato.cr\/en\/tienda\/carnes-de-pastoreo\/punta-de-solomo-dry-aged-black-angus\/","name":"Comprar Punta de Solomo Dry Aged Black Angus Org\u00e1nico a domicilio en Costa Rica","isPartOf":{"@id":"https:\/\/stag.mercato.cr\/en\/#website"},"datePublished":"2023-05-13T18:55:31+00:00","dateModified":"2023-09-24T05:37:28+00:00","description":"Punta de Solomo Dry Aged Black Angus org\u00e1nico a domicilio en Costa Rica","breadcrumb":{"@id":"https:\/\/stag.mercato.cr\/en\/tienda\/carnes-de-pastoreo\/punta-de-solomo-dry-aged-black-angus\/#breadcrumb"},"inLanguage":"en-US","potentialAction":[{"@type":"ReadAction","target":["https:\/\/stag.mercato.cr\/en\/tienda\/carnes-de-pastoreo\/punta-de-solomo-dry-aged-black-angus\/"]}]},{"@type":"BreadcrumbList","@id":"https:\/\/stag.mercato.cr\/en\/tienda\/carnes-de-pastoreo\/punta-de-solomo-dry-aged-black-angus\/#breadcrumb","itemListElement":[{"@type":"ListItem","position":1,"name":"INICIO","item":"http:\/\/stag.mercato.cr\/en\/"},{"@type":"ListItem","position":2,"name":"Shop","item":"http:\/\/stag.mercato.cr\/en\/shop\/"},{"@type":"ListItem","position":3,"name":"PASTOREO Y PESCA RESPONSABLE","item":"https:\/\/stag.mercato.cr\/en\/tienda\/pastoreo-y-pesca-responsable\/"},{"@type":"ListItem","position":4,"name":"RES DE PASTOREO","item":"https:\/\/stag.mercato.cr\/en\/tienda\/carnes-de-pastoreo\/"},{"@type":"ListItem","position":5,"name":"Punta de Solomo Dry Aged Black Angus"}]},{"@type":"WebSite","@id":"https:\/\/stag.mercato.cr\/en\/#website","url":"https:\/\/stag.mercato.cr\/en\/","name":"Mercato - Alimentos con prop\u00f3sito","description":"Alimentos org\u00e1nicos reci\u00e9n cosechados entregados en tu casa, todos los d\u00edas.","potentialAction":[{"@type":"SearchAction","target":{"@type":"EntryPoint","urlTemplate":"https:\/\/stag.mercato.cr\/en\/?s={search_term_string}"},"query-input":"required name=search_term_string"}],"inLanguage":"en-US"}]},"og_availability":"out of stock","product_availability":"out of stock","product_condition":"new"},"jetpack_sharing_enabled":true,"_links":{"self":[{"href":"https:\/\/stag.mercato.cr\/en\/wp-json\/wp\/v2\/product\/46298"}],"collection":[{"href":"https:\/\/stag.mercato.cr\/en\/wp-json\/wp\/v2\/product"}],"about":[{"href":"https:\/\/stag.mercato.cr\/en\/wp-json\/wp\/v2\/types\/product"}],"wp:featuredmedia":[{"embeddable":true,"href":"https:\/\/stag.mercato.cr\/en\/wp-json\/wp\/v2\/media\/42412"}],"wp:attachment":[{"href":"https:\/\/stag.mercato.cr\/en\/wp-json\/wp\/v2\/media?parent=46298"}],"wp:term":[{"taxonomy":"product_cat","embeddable":true,"href":"https:\/\/stag.mercato.cr\/en\/wp-json\/wp\/v2\/product_cat?post=46298"},{"taxonomy":"product_tag","embeddable":true,"href":"https:\/\/stag.mercato.cr\/en\/wp-json\/wp\/v2\/product_tag?post=46298"}],"curies":[{"name":"wp","href":"https:\/\/api.w.org\/{rel}","templated":true}]}}