{"id":51910,"date":"2023-07-20T10:50:32","date_gmt":"2023-07-20T16:50:32","guid":{"rendered":"http:\/\/stag.mercato.cr\/tienda\/sin%20categor\u00eda\/mamon-chino-500g\/"},"modified":"2023-09-23T23:37:17","modified_gmt":"2023-09-24T05:37:17","slug":"mamon-chino-500g","status":"publish","type":"product","link":"https:\/\/stag.mercato.cr\/en\/tienda\/frutas-organicas\/mamon-chino-500g\/","title":{"rendered":"Mamon chino 500g"},"content":{"rendered":"","protected":false},"excerpt":{"rendered":"","protected":false},"featured_media":51914,"template":"","meta":[],"product_cat":[191],"product_tag":[],"yoast_head":"<!-- This site is optimized with the Yoast SEO Premium plugin v20.5 (Yoast SEO v21.6) - https:\/\/yoast.com\/wordpress\/plugins\/seo\/ -->\n<title>Comprar Mamon chino 500g Org\u00e1nico a domicilio en Costa Rica<\/title>\n<meta name=\"description\" content=\"Mamon chino 500g org\u00e1nico a domicilio en Costa Rica\" \/>\n<meta name=\"robots\" content=\"index, follow, max-snippet:-1, max-image-preview:large, max-video-preview:-1\" \/>\n<link rel=\"canonical\" href=\"https:\/\/stag.mercato.cr\/en\/tienda\/frutas-organicas\/mamon-chino-500g\/\" \/>\n<meta property=\"og:locale\" content=\"en_US\" \/>\n<meta property=\"og:type\" content=\"article\" \/>\n<meta property=\"og:title\" content=\"Mamon chino 500g\" \/>\n<meta property=\"og:description\" content=\"Mamon chino 500g org\u00e1nico a domicilio en Costa Rica\" \/>\n<meta property=\"og:url\" content=\"https:\/\/stag.mercato.cr\/en\/tienda\/frutas-organicas\/mamon-chino-500g\/\" \/>\n<meta property=\"og:site_name\" content=\"Mercato - Alimentos con prop\u00f3sito\" \/>\n<meta property=\"article:publisher\" content=\"https:\/\/www.facebook.com\/mercatocostarica\" \/>\n<meta property=\"article:modified_time\" content=\"2023-09-24T05:37:17+00:00\" \/>\n<meta property=\"og:image\" content=\"https:\/\/i0.wp.com\/stag.mercato.cr\/wp-content\/uploads\/2023\/07\/Imagen-de-WhatsApp-2023-07-20-a-las-10.51.27.jpg?fit=800%2C600&ssl=1\" \/>\n\t<meta property=\"og:image:width\" content=\"800\" \/>\n\t<meta property=\"og:image:height\" content=\"600\" \/>\n\t<meta property=\"og:image:type\" content=\"image\/jpeg\" \/>\n<meta name=\"twitter:card\" content=\"summary_large_image\" \/>\n<meta name=\"twitter:label1\" content=\"Price\" \/>\n\t<meta name=\"twitter:data1\" content=\"&#x20a1;1,300.00 + IVA\" \/>\n\t<meta name=\"twitter:label2\" content=\"Availability\" \/>\n\t<meta name=\"twitter:data2\" content=\"Out of stock\" \/>\n<script type=\"application\/ld+json\" class=\"yoast-schema-graph\">{\"@context\":\"https:\/\/schema.org\",\"@graph\":[{\"@type\":\"WebPage\",\"@id\":\"https:\/\/stag.mercato.cr\/en\/tienda\/frutas-organicas\/mamon-chino-500g\/\",\"url\":\"https:\/\/stag.mercato.cr\/en\/tienda\/frutas-organicas\/mamon-chino-500g\/\",\"name\":\"Comprar Mamon chino 500g Org\u00e1nico a domicilio en Costa Rica\",\"isPartOf\":{\"@id\":\"https:\/\/stag.mercato.cr\/en\/#website\"},\"datePublished\":\"2023-07-20T16:50:32+00:00\",\"dateModified\":\"2023-09-24T05:37:17+00:00\",\"description\":\"Mamon chino 500g org\u00e1nico a domicilio en Costa Rica\",\"breadcrumb\":{\"@id\":\"https:\/\/stag.mercato.cr\/en\/tienda\/frutas-organicas\/mamon-chino-500g\/#breadcrumb\"},\"inLanguage\":\"en-US\",\"potentialAction\":[{\"@type\":\"ReadAction\",\"target\":[\"https:\/\/stag.mercato.cr\/en\/tienda\/frutas-organicas\/mamon-chino-500g\/\"]}]},{\"@type\":\"BreadcrumbList\",\"@id\":\"https:\/\/stag.mercato.cr\/en\/tienda\/frutas-organicas\/mamon-chino-500g\/#breadcrumb\",\"itemListElement\":[{\"@type\":\"ListItem\",\"position\":1,\"name\":\"INICIO\",\"item\":\"https:\/\/stag.mercato.cr\/en\/\"},{\"@type\":\"ListItem\",\"position\":2,\"name\":\"Shop\",\"item\":\"https:\/\/stag.mercato.cr\/en\/shop\/\"},{\"@type\":\"ListItem\",\"position\":3,\"name\":\"FRESCOS\",\"item\":\"https:\/\/stag.mercato.cr\/en\/tienda\/frescos\/\"},{\"@type\":\"ListItem\",\"position\":4,\"name\":\"FRUTAS DULCES\",\"item\":\"https:\/\/stag.mercato.cr\/en\/tienda\/frutas-organicas\/\"},{\"@type\":\"ListItem\",\"position\":5,\"name\":\"Mamon chino 500g\"}]},{\"@type\":\"WebSite\",\"@id\":\"https:\/\/stag.mercato.cr\/en\/#website\",\"url\":\"https:\/\/stag.mercato.cr\/en\/\",\"name\":\"Mercato - Alimentos con prop\u00f3sito\",\"description\":\"Alimentos org\u00e1nicos reci\u00e9n cosechados entregados en tu casa, todos los d\u00edas.\",\"potentialAction\":[{\"@type\":\"SearchAction\",\"target\":{\"@type\":\"EntryPoint\",\"urlTemplate\":\"https:\/\/stag.mercato.cr\/en\/?s={search_term_string}\"},\"query-input\":\"required name=search_term_string\"}],\"inLanguage\":\"en-US\"}]}<\/script>\n<meta property=\"product:price:amount\" content=\"1300.00\" \/>\n<meta property=\"product:price:currency\" content=\"CRC\" \/>\n<meta property=\"og:availability\" content=\"out of stock\" \/>\n<meta property=\"product:availability\" content=\"out of stock\" \/>\n<meta property=\"product:retailer_item_id\" content=\"Mamon-500g\" \/>\n<meta property=\"product:condition\" content=\"new\" \/>\n<!-- \/ Yoast SEO Premium plugin. -->","yoast_head_json":{"title":"Comprar Mamon chino 500g Org\u00e1nico a domicilio en Costa Rica","description":"Mamon chino 500g org\u00e1nico a domicilio en Costa Rica","robots":{"index":"index","follow":"follow","max-snippet":"max-snippet:-1","max-image-preview":"max-image-preview:large","max-video-preview":"max-video-preview:-1"},"canonical":"https:\/\/stag.mercato.cr\/en\/tienda\/frutas-organicas\/mamon-chino-500g\/","og_locale":"en_US","og_type":"article","og_title":"Mamon chino 500g","og_description":"Mamon chino 500g org\u00e1nico a domicilio en Costa Rica","og_url":"https:\/\/stag.mercato.cr\/en\/tienda\/frutas-organicas\/mamon-chino-500g\/","og_site_name":"Mercato - Alimentos con prop\u00f3sito","article_publisher":"https:\/\/www.facebook.com\/mercatocostarica","article_modified_time":"2023-09-24T05:37:17+00:00","og_image":[{"width":800,"height":600,"url":"https:\/\/i0.wp.com\/stag.mercato.cr\/wp-content\/uploads\/2023\/07\/Imagen-de-WhatsApp-2023-07-20-a-las-10.51.27.jpg?fit=800%2C600&ssl=1","type":"image\/jpeg"}],"twitter_card":"summary_large_image","twitter_misc":{"Price":"&#x20a1;1,300.00 + IVA","Availability":"Out of stock"},"schema":{"@context":"https:\/\/schema.org","@graph":[{"@type":"WebPage","@id":"https:\/\/stag.mercato.cr\/en\/tienda\/frutas-organicas\/mamon-chino-500g\/","url":"https:\/\/stag.mercato.cr\/en\/tienda\/frutas-organicas\/mamon-chino-500g\/","name":"Comprar Mamon chino 500g Org\u00e1nico a domicilio en Costa Rica","isPartOf":{"@id":"https:\/\/stag.mercato.cr\/en\/#website"},"datePublished":"2023-07-20T16:50:32+00:00","dateModified":"2023-09-24T05:37:17+00:00","description":"Mamon chino 500g org\u00e1nico a domicilio en Costa Rica","breadcrumb":{"@id":"https:\/\/stag.mercato.cr\/en\/tienda\/frutas-organicas\/mamon-chino-500g\/#breadcrumb"},"inLanguage":"en-US","potentialAction":[{"@type":"ReadAction","target":["https:\/\/stag.mercato.cr\/en\/tienda\/frutas-organicas\/mamon-chino-500g\/"]}]},{"@type":"BreadcrumbList","@id":"https:\/\/stag.mercato.cr\/en\/tienda\/frutas-organicas\/mamon-chino-500g\/#breadcrumb","itemListElement":[{"@type":"ListItem","position":1,"name":"INICIO","item":"https:\/\/stag.mercato.cr\/en\/"},{"@type":"ListItem","position":2,"name":"Shop","item":"https:\/\/stag.mercato.cr\/en\/shop\/"},{"@type":"ListItem","position":3,"name":"FRESCOS","item":"https:\/\/stag.mercato.cr\/en\/tienda\/frescos\/"},{"@type":"ListItem","position":4,"name":"FRUTAS DULCES","item":"https:\/\/stag.mercato.cr\/en\/tienda\/frutas-organicas\/"},{"@type":"ListItem","position":5,"name":"Mamon chino 500g"}]},{"@type":"WebSite","@id":"https:\/\/stag.mercato.cr\/en\/#website","url":"https:\/\/stag.mercato.cr\/en\/","name":"Mercato - Alimentos con prop\u00f3sito","description":"Alimentos org\u00e1nicos reci\u00e9n cosechados entregados en tu casa, todos los d\u00edas.","potentialAction":[{"@type":"SearchAction","target":{"@type":"EntryPoint","urlTemplate":"https:\/\/stag.mercato.cr\/en\/?s={search_term_string}"},"query-input":"required name=search_term_string"}],"inLanguage":"en-US"}]},"product_price_amount":"1300.00","product_price_currency":"CRC","og_availability":"out of stock","product_availability":"out of stock","product_retailer_item_id":"Mamon-500g","product_condition":"new"},"jetpack_sharing_enabled":true,"_links":{"self":[{"href":"https:\/\/stag.mercato.cr\/en\/wp-json\/wp\/v2\/product\/51910"}],"collection":[{"href":"https:\/\/stag.mercato.cr\/en\/wp-json\/wp\/v2\/product"}],"about":[{"href":"https:\/\/stag.mercato.cr\/en\/wp-json\/wp\/v2\/types\/product"}],"wp:featuredmedia":[{"embeddable":true,"href":"https:\/\/stag.mercato.cr\/en\/wp-json\/wp\/v2\/media\/51914"}],"wp:attachment":[{"href":"https:\/\/stag.mercato.cr\/en\/wp-json\/wp\/v2\/media?parent=51910"}],"wp:term":[{"taxonomy":"product_cat","embeddable":true,"href":"https:\/\/stag.mercato.cr\/en\/wp-json\/wp\/v2\/product_cat?post=51910"},{"taxonomy":"product_tag","embeddable":true,"href":"https:\/\/stag.mercato.cr\/en\/wp-json\/wp\/v2\/product_tag?post=51910"}],"curies":[{"name":"wp","href":"https:\/\/api.w.org\/{rel}","templated":true}]}}