{"id":9207,"date":"2021-08-30T14:46:35","date_gmt":"2021-08-30T20:46:35","guid":{"rendered":"http:\/\/stag.mercato.cr\/?post_type=product&#038;p=9207"},"modified":"2022-12-03T08:43:58","modified_gmt":"2022-12-03T14:43:58","slug":"modulo-1-curso-de-cocina-consciente-con-marialcalina","status":"publish","type":"product","link":"https:\/\/stag.mercato.cr\/en\/tienda\/experiencias\/modulo-1-curso-de-cocina-consciente-con-marialcalina\/","title":{"rendered":"M\u00f3dulo 1 &#8211; Curso de Cocina Consciente con Marialcalina"},"content":{"rendered":"<p>M\u00f3dulo 1 &#8211; Curso de cocina consciente con Marialcalina<\/p>\n<p>Este m\u00f3dulo es el primero de dos m\u00f3dulos del curso completo de Cocina Consciente de Marialcalina. Puede <a href=\"http:\/\/stag.mercato.cr\/tienda\/experiencias\/clases-virtuales-de-cocina-consciente\/\">comprar ambos m\u00f3dulos juntos con descuento<\/a>.<\/p>\n<p>Estos son los contenidos del m\u00f3dulo 1:<\/p>\n<p>Clase 1: Quesos veganos<\/p>\n<p>Clase 2: Cremas sin l\u00e1cteos (ayote, d\u00fao de pejibaye y palmito al coco)<\/p>\n<p>Clase 3: Hummus, tzatziki y souvlaki griego de pollo o falafel<\/p>\n<p>Clase 4: Tostadas y ensaladas<\/p>\n<p>Clase 5: Postres nutritivos veganos<\/p>\n","protected":false},"excerpt":{"rendered":"<p>M\u00f3dulo 1 &#8211; Curso de cocina consciente con Marialcalina Este m\u00f3dulo es el primero de dos m\u00f3dulos del curso completo de Cocina Consciente de Marialcalina. Puede comprar ambos m\u00f3dulos juntos con descuento. Estos son los contenidos del m\u00f3dulo 1: Clase 1: Quesos veganos Clase 2: Cremas sin l\u00e1cteos (ayote, d\u00fao de pejibaye y palmito al [&hellip;]<\/p>\n","protected":false},"featured_media":9208,"template":"","meta":[],"product_cat":[322],"product_tag":[],"yoast_head":"<!-- This site is optimized with the Yoast SEO Premium plugin v20.5 (Yoast SEO v21.6) - https:\/\/yoast.com\/wordpress\/plugins\/seo\/ -->\n<title>Comprar M\u00f3dulo 1 - Curso de Cocina Consciente con Marialcalina Org\u00e1nico a domicilio en Costa Rica<\/title>\n<meta name=\"description\" content=\"M\u00f3dulo 1 - Curso de Cocina Consciente con Marialcalina org\u00e1nico a domicilio en Costa Rica\" \/>\n<meta name=\"robots\" content=\"index, follow, max-snippet:-1, max-image-preview:large, max-video-preview:-1\" \/>\n<link rel=\"canonical\" href=\"https:\/\/stag.mercato.cr\/en\/tienda\/experiencias\/modulo-1-curso-de-cocina-consciente-con-marialcalina\/\" \/>\n<meta property=\"og:locale\" content=\"en_US\" \/>\n<meta property=\"og:type\" content=\"article\" \/>\n<meta property=\"og:title\" content=\"M\u00f3dulo 1 - Curso de Cocina Consciente con Marialcalina\" \/>\n<meta property=\"og:description\" content=\"M\u00f3dulo 1 - Curso de Cocina Consciente con Marialcalina org\u00e1nico a domicilio en Costa Rica\" \/>\n<meta property=\"og:url\" content=\"https:\/\/stag.mercato.cr\/en\/tienda\/experiencias\/modulo-1-curso-de-cocina-consciente-con-marialcalina\/\" \/>\n<meta property=\"og:site_name\" content=\"Mercato - Alimentos con prop\u00f3sito\" \/>\n<meta property=\"article:publisher\" content=\"https:\/\/www.facebook.com\/mercatocostarica\" \/>\n<meta property=\"article:modified_time\" content=\"2022-12-03T14:43:58+00:00\" \/>\n<meta property=\"og:image\" content=\"https:\/\/stag.mercato.cr\/wp-content\/uploads\/2021\/08\/clasescocina2-02-1024x1024.jpg\" \/>\n\t<meta property=\"og:image:width\" content=\"1024\" \/>\n\t<meta property=\"og:image:height\" content=\"1024\" \/>\n\t<meta property=\"og:image:type\" content=\"image\/jpeg\" \/>\n<meta name=\"twitter:card\" content=\"summary_large_image\" \/>\n<meta name=\"twitter:label1\" content=\"Price\" \/>\n\t<meta name=\"twitter:data1\" content=\"&#x20a1;62,000.00 + IVA\" \/>\n\t<meta name=\"twitter:label2\" content=\"Availability\" \/>\n\t<meta name=\"twitter:data2\" content=\"In stock\" \/>\n<script type=\"application\/ld+json\" class=\"yoast-schema-graph\">{\"@context\":\"https:\/\/schema.org\",\"@graph\":[{\"@type\":\"WebPage\",\"@id\":\"https:\/\/stag.mercato.cr\/en\/tienda\/experiencias\/modulo-1-curso-de-cocina-consciente-con-marialcalina\/\",\"url\":\"https:\/\/stag.mercato.cr\/en\/tienda\/experiencias\/modulo-1-curso-de-cocina-consciente-con-marialcalina\/\",\"name\":\"Comprar M\u00f3dulo 1 - Curso de Cocina Consciente con Marialcalina Org\u00e1nico a domicilio en Costa Rica\",\"isPartOf\":{\"@id\":\"http:\/\/stag.mercato.cr\/en\/#website\"},\"datePublished\":\"2021-08-30T20:46:35+00:00\",\"dateModified\":\"2022-12-03T14:43:58+00:00\",\"description\":\"M\u00f3dulo 1 - Curso de Cocina Consciente con Marialcalina org\u00e1nico a domicilio en Costa Rica\",\"breadcrumb\":{\"@id\":\"https:\/\/stag.mercato.cr\/en\/tienda\/experiencias\/modulo-1-curso-de-cocina-consciente-con-marialcalina\/#breadcrumb\"},\"inLanguage\":\"en-US\",\"potentialAction\":[{\"@type\":\"ReadAction\",\"target\":[\"https:\/\/stag.mercato.cr\/en\/tienda\/experiencias\/modulo-1-curso-de-cocina-consciente-con-marialcalina\/\"]}]},{\"@type\":\"BreadcrumbList\",\"@id\":\"https:\/\/stag.mercato.cr\/en\/tienda\/experiencias\/modulo-1-curso-de-cocina-consciente-con-marialcalina\/#breadcrumb\",\"itemListElement\":[{\"@type\":\"ListItem\",\"position\":1,\"name\":\"INICIO\",\"item\":\"https:\/\/stag.mercato.cr\/en\/\"},{\"@type\":\"ListItem\",\"position\":2,\"name\":\"Shop\",\"item\":\"https:\/\/stag.mercato.cr\/en\/shop\/\"},{\"@type\":\"ListItem\",\"position\":3,\"name\":\"Experiencias\",\"item\":\"https:\/\/stag.mercato.cr\/en\/tienda\/experiencias\/\"},{\"@type\":\"ListItem\",\"position\":4,\"name\":\"M\u00f3dulo 1 &#8211; Curso de Cocina Consciente con Marialcalina\"}]},{\"@type\":\"WebSite\",\"@id\":\"http:\/\/stag.mercato.cr\/en\/#website\",\"url\":\"http:\/\/stag.mercato.cr\/en\/\",\"name\":\"Mercato - Alimentos con prop\u00f3sito\",\"description\":\"Alimentos org\u00e1nicos reci\u00e9n cosechados entregados en tu casa, todos los d\u00edas.\",\"potentialAction\":[{\"@type\":\"SearchAction\",\"target\":{\"@type\":\"EntryPoint\",\"urlTemplate\":\"http:\/\/stag.mercato.cr\/en\/?s={search_term_string}\"},\"query-input\":\"required name=search_term_string\"}],\"inLanguage\":\"en-US\"}]}<\/script>\n<meta property=\"product:price:amount\" content=\"62000.00\" \/>\n<meta property=\"product:price:currency\" content=\"CRC\" \/>\n<meta property=\"og:availability\" content=\"instock\" \/>\n<meta property=\"product:availability\" content=\"instock\" \/>\n<meta property=\"product:condition\" content=\"new\" \/>\n<!-- \/ Yoast SEO Premium plugin. -->","yoast_head_json":{"title":"Comprar M\u00f3dulo 1 - Curso de Cocina Consciente con Marialcalina Org\u00e1nico a domicilio en Costa Rica","description":"M\u00f3dulo 1 - Curso de Cocina Consciente con Marialcalina org\u00e1nico a domicilio en Costa Rica","robots":{"index":"index","follow":"follow","max-snippet":"max-snippet:-1","max-image-preview":"max-image-preview:large","max-video-preview":"max-video-preview:-1"},"canonical":"https:\/\/stag.mercato.cr\/en\/tienda\/experiencias\/modulo-1-curso-de-cocina-consciente-con-marialcalina\/","og_locale":"en_US","og_type":"article","og_title":"M\u00f3dulo 1 - Curso de Cocina Consciente con Marialcalina","og_description":"M\u00f3dulo 1 - Curso de Cocina Consciente con Marialcalina org\u00e1nico a domicilio en Costa Rica","og_url":"https:\/\/stag.mercato.cr\/en\/tienda\/experiencias\/modulo-1-curso-de-cocina-consciente-con-marialcalina\/","og_site_name":"Mercato - Alimentos con prop\u00f3sito","article_publisher":"https:\/\/www.facebook.com\/mercatocostarica","article_modified_time":"2022-12-03T14:43:58+00:00","og_image":[{"width":1024,"height":1024,"url":"https:\/\/stag.mercato.cr\/wp-content\/uploads\/2021\/08\/clasescocina2-02-1024x1024.jpg","type":"image\/jpeg"}],"twitter_card":"summary_large_image","twitter_misc":{"Price":"&#x20a1;62,000.00 + IVA","Availability":"In stock"},"schema":{"@context":"https:\/\/schema.org","@graph":[{"@type":"WebPage","@id":"https:\/\/stag.mercato.cr\/en\/tienda\/experiencias\/modulo-1-curso-de-cocina-consciente-con-marialcalina\/","url":"https:\/\/stag.mercato.cr\/en\/tienda\/experiencias\/modulo-1-curso-de-cocina-consciente-con-marialcalina\/","name":"Comprar M\u00f3dulo 1 - Curso de Cocina Consciente con Marialcalina Org\u00e1nico a domicilio en Costa Rica","isPartOf":{"@id":"http:\/\/stag.mercato.cr\/en\/#website"},"datePublished":"2021-08-30T20:46:35+00:00","dateModified":"2022-12-03T14:43:58+00:00","description":"M\u00f3dulo 1 - Curso de Cocina Consciente con Marialcalina org\u00e1nico a domicilio en Costa Rica","breadcrumb":{"@id":"https:\/\/stag.mercato.cr\/en\/tienda\/experiencias\/modulo-1-curso-de-cocina-consciente-con-marialcalina\/#breadcrumb"},"inLanguage":"en-US","potentialAction":[{"@type":"ReadAction","target":["https:\/\/stag.mercato.cr\/en\/tienda\/experiencias\/modulo-1-curso-de-cocina-consciente-con-marialcalina\/"]}]},{"@type":"BreadcrumbList","@id":"https:\/\/stag.mercato.cr\/en\/tienda\/experiencias\/modulo-1-curso-de-cocina-consciente-con-marialcalina\/#breadcrumb","itemListElement":[{"@type":"ListItem","position":1,"name":"INICIO","item":"https:\/\/stag.mercato.cr\/en\/"},{"@type":"ListItem","position":2,"name":"Shop","item":"https:\/\/stag.mercato.cr\/en\/shop\/"},{"@type":"ListItem","position":3,"name":"Experiencias","item":"https:\/\/stag.mercato.cr\/en\/tienda\/experiencias\/"},{"@type":"ListItem","position":4,"name":"M\u00f3dulo 1 &#8211; Curso de Cocina Consciente con Marialcalina"}]},{"@type":"WebSite","@id":"http:\/\/stag.mercato.cr\/en\/#website","url":"http:\/\/stag.mercato.cr\/en\/","name":"Mercato - Alimentos con prop\u00f3sito","description":"Alimentos org\u00e1nicos reci\u00e9n cosechados entregados en tu casa, todos los d\u00edas.","potentialAction":[{"@type":"SearchAction","target":{"@type":"EntryPoint","urlTemplate":"http:\/\/stag.mercato.cr\/en\/?s={search_term_string}"},"query-input":"required name=search_term_string"}],"inLanguage":"en-US"}]},"product_price_amount":"62000.00","product_price_currency":"CRC","og_availability":"instock","product_availability":"instock","product_condition":"new"},"jetpack_sharing_enabled":true,"_links":{"self":[{"href":"https:\/\/stag.mercato.cr\/en\/wp-json\/wp\/v2\/product\/9207"}],"collection":[{"href":"https:\/\/stag.mercato.cr\/en\/wp-json\/wp\/v2\/product"}],"about":[{"href":"https:\/\/stag.mercato.cr\/en\/wp-json\/wp\/v2\/types\/product"}],"wp:featuredmedia":[{"embeddable":true,"href":"https:\/\/stag.mercato.cr\/en\/wp-json\/wp\/v2\/media\/9208"}],"wp:attachment":[{"href":"https:\/\/stag.mercato.cr\/en\/wp-json\/wp\/v2\/media?parent=9207"}],"wp:term":[{"taxonomy":"product_cat","embeddable":true,"href":"https:\/\/stag.mercato.cr\/en\/wp-json\/wp\/v2\/product_cat?post=9207"},{"taxonomy":"product_tag","embeddable":true,"href":"https:\/\/stag.mercato.cr\/en\/wp-json\/wp\/v2\/product_tag?post=9207"}],"curies":[{"name":"wp","href":"https:\/\/api.w.org\/{rel}","templated":true}]}}