{"id":9209,"date":"2021-08-30T14:49:34","date_gmt":"2021-08-30T20:49:34","guid":{"rendered":"http:\/\/stag.mercato.cr\/?post_type=product&#038;p=9209"},"modified":"2022-12-03T08:42:16","modified_gmt":"2022-12-03T14:42:16","slug":"modulo-2-curso-de-cocina-consciente-con-marialcalina","status":"publish","type":"product","link":"https:\/\/stag.mercato.cr\/en\/tienda\/experiencias\/modulo-2-curso-de-cocina-consciente-con-marialcalina\/","title":{"rendered":"M\u00f3dulo 2 \u2013 Curso de Cocina Consciente con Marialcalina"},"content":{"rendered":"<p>Clase 1: Rice and beans<\/p>\n<p>Clase 2: Curry de vegetales<\/p>\n<p>Clase 3: Pad thai<\/p>\n<p>Clase 4: Pizza Vegana<\/p>\n<p>Clase 5: Helados de fruta<\/p>\n","protected":false},"excerpt":{"rendered":"<p>Clase 1: Rice and beans Clase 2: Curry de vegetales Clase 3: Pad thai Clase 4: Pizza Vegana Clase 5: Helados de fruta<\/p>\n","protected":false},"featured_media":9210,"template":"","meta":[],"product_cat":[322],"product_tag":[],"yoast_head":"<!-- This site is optimized with the Yoast SEO Premium plugin v20.5 (Yoast SEO v21.6) - https:\/\/yoast.com\/wordpress\/plugins\/seo\/ -->\n<title>Comprar M\u00f3dulo 2 \u2013 Curso de Cocina Consciente con Marialcalina Org\u00e1nico a domicilio en Costa Rica<\/title>\n<meta name=\"description\" content=\"M\u00f3dulo 2 \u2013 Curso de Cocina Consciente con Marialcalina org\u00e1nico a domicilio en Costa Rica\" \/>\n<meta name=\"robots\" content=\"index, follow, max-snippet:-1, max-image-preview:large, max-video-preview:-1\" \/>\n<link rel=\"canonical\" href=\"https:\/\/stag.mercato.cr\/en\/tienda\/experiencias\/modulo-2-curso-de-cocina-consciente-con-marialcalina\/\" \/>\n<meta property=\"og:locale\" content=\"en_US\" \/>\n<meta property=\"og:type\" content=\"article\" \/>\n<meta property=\"og:title\" content=\"M\u00f3dulo 2 \u2013 Curso de Cocina Consciente con Marialcalina\" \/>\n<meta property=\"og:description\" content=\"M\u00f3dulo 2 \u2013 Curso de Cocina Consciente con Marialcalina org\u00e1nico a domicilio en Costa Rica\" \/>\n<meta property=\"og:url\" content=\"https:\/\/stag.mercato.cr\/en\/tienda\/experiencias\/modulo-2-curso-de-cocina-consciente-con-marialcalina\/\" \/>\n<meta property=\"og:site_name\" content=\"Mercato - Alimentos con prop\u00f3sito\" \/>\n<meta property=\"article:publisher\" content=\"https:\/\/www.facebook.com\/mercatocostarica\" \/>\n<meta property=\"article:modified_time\" content=\"2022-12-03T14:42:16+00:00\" \/>\n<meta property=\"og:image\" content=\"https:\/\/stag.mercato.cr\/wp-content\/uploads\/2021\/08\/clasescocina2-03-1024x1024.jpg\" \/>\n\t<meta property=\"og:image:width\" content=\"1024\" \/>\n\t<meta property=\"og:image:height\" content=\"1024\" \/>\n\t<meta property=\"og:image:type\" content=\"image\/jpeg\" \/>\n<meta name=\"twitter:card\" content=\"summary_large_image\" \/>\n<meta name=\"twitter:label1\" content=\"Price\" \/>\n\t<meta name=\"twitter:data1\" content=\"&#x20a1;62,000.00 + IVA\" \/>\n\t<meta name=\"twitter:label2\" content=\"Availability\" \/>\n\t<meta name=\"twitter:data2\" content=\"In stock\" \/>\n<script type=\"application\/ld+json\" class=\"yoast-schema-graph\">{\"@context\":\"https:\/\/schema.org\",\"@graph\":[{\"@type\":\"WebPage\",\"@id\":\"https:\/\/stag.mercato.cr\/en\/tienda\/experiencias\/modulo-2-curso-de-cocina-consciente-con-marialcalina\/\",\"url\":\"https:\/\/stag.mercato.cr\/en\/tienda\/experiencias\/modulo-2-curso-de-cocina-consciente-con-marialcalina\/\",\"name\":\"Comprar M\u00f3dulo 2 \u2013 Curso de Cocina Consciente con Marialcalina Org\u00e1nico a domicilio en Costa Rica\",\"isPartOf\":{\"@id\":\"http:\/\/stag.mercato.cr\/en\/#website\"},\"datePublished\":\"2021-08-30T20:49:34+00:00\",\"dateModified\":\"2022-12-03T14:42:16+00:00\",\"description\":\"M\u00f3dulo 2 \u2013 Curso de Cocina Consciente con Marialcalina org\u00e1nico a domicilio en Costa Rica\",\"breadcrumb\":{\"@id\":\"https:\/\/stag.mercato.cr\/en\/tienda\/experiencias\/modulo-2-curso-de-cocina-consciente-con-marialcalina\/#breadcrumb\"},\"inLanguage\":\"en-US\",\"potentialAction\":[{\"@type\":\"ReadAction\",\"target\":[\"https:\/\/stag.mercato.cr\/en\/tienda\/experiencias\/modulo-2-curso-de-cocina-consciente-con-marialcalina\/\"]}]},{\"@type\":\"BreadcrumbList\",\"@id\":\"https:\/\/stag.mercato.cr\/en\/tienda\/experiencias\/modulo-2-curso-de-cocina-consciente-con-marialcalina\/#breadcrumb\",\"itemListElement\":[{\"@type\":\"ListItem\",\"position\":1,\"name\":\"INICIO\",\"item\":\"https:\/\/stag.mercato.cr\/en\/\"},{\"@type\":\"ListItem\",\"position\":2,\"name\":\"Shop\",\"item\":\"https:\/\/stag.mercato.cr\/en\/shop\/\"},{\"@type\":\"ListItem\",\"position\":3,\"name\":\"Experiencias\",\"item\":\"https:\/\/stag.mercato.cr\/en\/tienda\/experiencias\/\"},{\"@type\":\"ListItem\",\"position\":4,\"name\":\"M\u00f3dulo 2 \u2013 Curso de Cocina Consciente con Marialcalina\"}]},{\"@type\":\"WebSite\",\"@id\":\"http:\/\/stag.mercato.cr\/en\/#website\",\"url\":\"http:\/\/stag.mercato.cr\/en\/\",\"name\":\"Mercato - Alimentos con prop\u00f3sito\",\"description\":\"Alimentos org\u00e1nicos reci\u00e9n cosechados entregados en tu casa, todos los d\u00edas.\",\"potentialAction\":[{\"@type\":\"SearchAction\",\"target\":{\"@type\":\"EntryPoint\",\"urlTemplate\":\"http:\/\/stag.mercato.cr\/en\/?s={search_term_string}\"},\"query-input\":\"required name=search_term_string\"}],\"inLanguage\":\"en-US\"}]}<\/script>\n<meta property=\"product:price:amount\" content=\"62000.00\" \/>\n<meta property=\"product:price:currency\" content=\"CRC\" \/>\n<meta property=\"og:availability\" content=\"instock\" \/>\n<meta property=\"product:availability\" content=\"instock\" \/>\n<meta property=\"product:condition\" content=\"new\" \/>\n<!-- \/ Yoast SEO Premium plugin. -->","yoast_head_json":{"title":"Comprar M\u00f3dulo 2 \u2013 Curso de Cocina Consciente con Marialcalina Org\u00e1nico a domicilio en Costa Rica","description":"M\u00f3dulo 2 \u2013 Curso de Cocina Consciente con Marialcalina org\u00e1nico a domicilio en Costa Rica","robots":{"index":"index","follow":"follow","max-snippet":"max-snippet:-1","max-image-preview":"max-image-preview:large","max-video-preview":"max-video-preview:-1"},"canonical":"https:\/\/stag.mercato.cr\/en\/tienda\/experiencias\/modulo-2-curso-de-cocina-consciente-con-marialcalina\/","og_locale":"en_US","og_type":"article","og_title":"M\u00f3dulo 2 \u2013 Curso de Cocina Consciente con Marialcalina","og_description":"M\u00f3dulo 2 \u2013 Curso de Cocina Consciente con Marialcalina org\u00e1nico a domicilio en Costa Rica","og_url":"https:\/\/stag.mercato.cr\/en\/tienda\/experiencias\/modulo-2-curso-de-cocina-consciente-con-marialcalina\/","og_site_name":"Mercato - Alimentos con prop\u00f3sito","article_publisher":"https:\/\/www.facebook.com\/mercatocostarica","article_modified_time":"2022-12-03T14:42:16+00:00","og_image":[{"width":1024,"height":1024,"url":"https:\/\/stag.mercato.cr\/wp-content\/uploads\/2021\/08\/clasescocina2-03-1024x1024.jpg","type":"image\/jpeg"}],"twitter_card":"summary_large_image","twitter_misc":{"Price":"&#x20a1;62,000.00 + IVA","Availability":"In stock"},"schema":{"@context":"https:\/\/schema.org","@graph":[{"@type":"WebPage","@id":"https:\/\/stag.mercato.cr\/en\/tienda\/experiencias\/modulo-2-curso-de-cocina-consciente-con-marialcalina\/","url":"https:\/\/stag.mercato.cr\/en\/tienda\/experiencias\/modulo-2-curso-de-cocina-consciente-con-marialcalina\/","name":"Comprar M\u00f3dulo 2 \u2013 Curso de Cocina Consciente con Marialcalina Org\u00e1nico a domicilio en Costa Rica","isPartOf":{"@id":"http:\/\/stag.mercato.cr\/en\/#website"},"datePublished":"2021-08-30T20:49:34+00:00","dateModified":"2022-12-03T14:42:16+00:00","description":"M\u00f3dulo 2 \u2013 Curso de Cocina Consciente con Marialcalina org\u00e1nico a domicilio en Costa Rica","breadcrumb":{"@id":"https:\/\/stag.mercato.cr\/en\/tienda\/experiencias\/modulo-2-curso-de-cocina-consciente-con-marialcalina\/#breadcrumb"},"inLanguage":"en-US","potentialAction":[{"@type":"ReadAction","target":["https:\/\/stag.mercato.cr\/en\/tienda\/experiencias\/modulo-2-curso-de-cocina-consciente-con-marialcalina\/"]}]},{"@type":"BreadcrumbList","@id":"https:\/\/stag.mercato.cr\/en\/tienda\/experiencias\/modulo-2-curso-de-cocina-consciente-con-marialcalina\/#breadcrumb","itemListElement":[{"@type":"ListItem","position":1,"name":"INICIO","item":"https:\/\/stag.mercato.cr\/en\/"},{"@type":"ListItem","position":2,"name":"Shop","item":"https:\/\/stag.mercato.cr\/en\/shop\/"},{"@type":"ListItem","position":3,"name":"Experiencias","item":"https:\/\/stag.mercato.cr\/en\/tienda\/experiencias\/"},{"@type":"ListItem","position":4,"name":"M\u00f3dulo 2 \u2013 Curso de Cocina Consciente con Marialcalina"}]},{"@type":"WebSite","@id":"http:\/\/stag.mercato.cr\/en\/#website","url":"http:\/\/stag.mercato.cr\/en\/","name":"Mercato - Alimentos con prop\u00f3sito","description":"Alimentos org\u00e1nicos reci\u00e9n cosechados entregados en tu casa, todos los d\u00edas.","potentialAction":[{"@type":"SearchAction","target":{"@type":"EntryPoint","urlTemplate":"http:\/\/stag.mercato.cr\/en\/?s={search_term_string}"},"query-input":"required name=search_term_string"}],"inLanguage":"en-US"}]},"product_price_amount":"62000.00","product_price_currency":"CRC","og_availability":"instock","product_availability":"instock","product_condition":"new"},"jetpack_sharing_enabled":true,"_links":{"self":[{"href":"https:\/\/stag.mercato.cr\/en\/wp-json\/wp\/v2\/product\/9209"}],"collection":[{"href":"https:\/\/stag.mercato.cr\/en\/wp-json\/wp\/v2\/product"}],"about":[{"href":"https:\/\/stag.mercato.cr\/en\/wp-json\/wp\/v2\/types\/product"}],"wp:featuredmedia":[{"embeddable":true,"href":"https:\/\/stag.mercato.cr\/en\/wp-json\/wp\/v2\/media\/9210"}],"wp:attachment":[{"href":"https:\/\/stag.mercato.cr\/en\/wp-json\/wp\/v2\/media?parent=9209"}],"wp:term":[{"taxonomy":"product_cat","embeddable":true,"href":"https:\/\/stag.mercato.cr\/en\/wp-json\/wp\/v2\/product_cat?post=9209"},{"taxonomy":"product_tag","embeddable":true,"href":"https:\/\/stag.mercato.cr\/en\/wp-json\/wp\/v2\/product_tag?post=9209"}],"curies":[{"name":"wp","href":"https:\/\/api.w.org\/{rel}","templated":true}]}}