{"id":9220,"date":"2021-08-31T18:53:04","date_gmt":"2021-09-01T00:53:04","guid":{"rendered":"http:\/\/stag.mercato.cr\/?post_type=product&#038;p=9220"},"modified":"2022-12-03T08:46:11","modified_gmt":"2022-12-03T14:46:11","slug":"curso-de-cocina-consciente-clase-individual","status":"publish","type":"product","link":"https:\/\/stag.mercato.cr\/en\/tienda\/experiencias\/curso-de-cocina-consciente-clase-individual\/","title":{"rendered":"Curso de cocina consciente &#8211; Clase individual"},"content":{"rendered":"<p>Compre aqu\u00ed la clase individual del curso de cocina consciente de Marialcalina.<\/p>\n<p><a href=\"http:\/\/stag.mercato.cr\/tienda\/experiencias\/clases-virtuales-de-cocina-consciente\/\">Click aqu\u00ed si desea comprar el curso completo con descuento.<\/a><\/p>\n","protected":false},"excerpt":{"rendered":"<p>Compre aqu\u00ed la clase individual del curso de cocina consciente de Marialcalina. Click aqu\u00ed si desea comprar el curso completo con descuento.<\/p>\n","protected":false},"featured_media":9222,"template":"","meta":[],"product_cat":[322],"product_tag":[],"yoast_head":"<!-- This site is optimized with the Yoast SEO Premium plugin v20.5 (Yoast SEO v21.6) - https:\/\/yoast.com\/wordpress\/plugins\/seo\/ -->\n<title>Comprar Curso de cocina consciente - Clase individual Org\u00e1nico a domicilio en Costa Rica<\/title>\n<meta name=\"description\" content=\"Curso de cocina consciente - Clase individual org\u00e1nico a domicilio en Costa Rica\" \/>\n<meta name=\"robots\" content=\"index, follow, max-snippet:-1, max-image-preview:large, max-video-preview:-1\" \/>\n<link rel=\"canonical\" href=\"https:\/\/stag.mercato.cr\/en\/tienda\/experiencias\/curso-de-cocina-consciente-clase-individual\/\" \/>\n<meta property=\"og:locale\" content=\"en_US\" \/>\n<meta property=\"og:type\" content=\"article\" \/>\n<meta property=\"og:title\" content=\"Curso de cocina consciente - Clase individual\" \/>\n<meta property=\"og:description\" content=\"Curso de cocina consciente - Clase individual org\u00e1nico a domicilio en Costa Rica\" \/>\n<meta property=\"og:url\" content=\"https:\/\/stag.mercato.cr\/en\/tienda\/experiencias\/curso-de-cocina-consciente-clase-individual\/\" \/>\n<meta property=\"og:site_name\" content=\"Mercato - Alimentos con prop\u00f3sito\" \/>\n<meta property=\"article:publisher\" content=\"https:\/\/www.facebook.com\/mercatocostarica\" \/>\n<meta property=\"article:modified_time\" content=\"2022-12-03T14:46:11+00:00\" \/>\n<meta property=\"og:image\" content=\"https:\/\/i0.wp.com\/stag.mercato.cr\/wp-content\/uploads\/2021\/08\/clase-indiviual.jpg?fit=2251%2C2106&ssl=1\" \/>\n\t<meta property=\"og:image:width\" content=\"2251\" \/>\n\t<meta property=\"og:image:height\" content=\"2106\" \/>\n\t<meta property=\"og:image:type\" content=\"image\/jpeg\" \/>\n<meta name=\"twitter:card\" content=\"summary_large_image\" \/>\n<meta name=\"twitter:label1\" content=\"Price\" \/>\n\t<meta name=\"twitter:data1\" content=\"&#x20a1;12,000.00 + IVA\" \/>\n\t<meta name=\"twitter:label2\" content=\"Availability\" \/>\n\t<meta name=\"twitter:data2\" content=\"In stock\" \/>\n<script type=\"application\/ld+json\" class=\"yoast-schema-graph\">{\"@context\":\"https:\/\/schema.org\",\"@graph\":[{\"@type\":\"WebPage\",\"@id\":\"https:\/\/stag.mercato.cr\/en\/tienda\/experiencias\/curso-de-cocina-consciente-clase-individual\/\",\"url\":\"https:\/\/stag.mercato.cr\/en\/tienda\/experiencias\/curso-de-cocina-consciente-clase-individual\/\",\"name\":\"Comprar Curso de cocina consciente - Clase individual Org\u00e1nico a domicilio en Costa Rica\",\"isPartOf\":{\"@id\":\"http:\/\/stag.mercato.cr\/en\/#website\"},\"datePublished\":\"2021-09-01T00:53:04+00:00\",\"dateModified\":\"2022-12-03T14:46:11+00:00\",\"description\":\"Curso de cocina consciente - Clase individual org\u00e1nico a domicilio en Costa Rica\",\"breadcrumb\":{\"@id\":\"https:\/\/stag.mercato.cr\/en\/tienda\/experiencias\/curso-de-cocina-consciente-clase-individual\/#breadcrumb\"},\"inLanguage\":\"en-US\",\"potentialAction\":[{\"@type\":\"ReadAction\",\"target\":[\"https:\/\/stag.mercato.cr\/en\/tienda\/experiencias\/curso-de-cocina-consciente-clase-individual\/\"]}]},{\"@type\":\"BreadcrumbList\",\"@id\":\"https:\/\/stag.mercato.cr\/en\/tienda\/experiencias\/curso-de-cocina-consciente-clase-individual\/#breadcrumb\",\"itemListElement\":[{\"@type\":\"ListItem\",\"position\":1,\"name\":\"INICIO\",\"item\":\"https:\/\/stag.mercato.cr\/en\/\"},{\"@type\":\"ListItem\",\"position\":2,\"name\":\"Shop\",\"item\":\"https:\/\/stag.mercato.cr\/en\/shop\/\"},{\"@type\":\"ListItem\",\"position\":3,\"name\":\"Experiencias\",\"item\":\"https:\/\/stag.mercato.cr\/en\/tienda\/experiencias\/\"},{\"@type\":\"ListItem\",\"position\":4,\"name\":\"Curso de cocina consciente &#8211; Clase individual\"}]},{\"@type\":\"WebSite\",\"@id\":\"http:\/\/stag.mercato.cr\/en\/#website\",\"url\":\"http:\/\/stag.mercato.cr\/en\/\",\"name\":\"Mercato - Alimentos con prop\u00f3sito\",\"description\":\"Alimentos org\u00e1nicos reci\u00e9n cosechados entregados en tu casa, todos los d\u00edas.\",\"potentialAction\":[{\"@type\":\"SearchAction\",\"target\":{\"@type\":\"EntryPoint\",\"urlTemplate\":\"http:\/\/stag.mercato.cr\/en\/?s={search_term_string}\"},\"query-input\":\"required name=search_term_string\"}],\"inLanguage\":\"en-US\"}]}<\/script>\n<meta property=\"product:price:amount\" content=\"12000.00\" \/>\n<meta property=\"product:price:currency\" content=\"CRC\" \/>\n<meta property=\"og:availability\" content=\"instock\" \/>\n<meta property=\"product:availability\" content=\"instock\" \/>\n<meta property=\"product:condition\" content=\"new\" \/>\n<!-- \/ Yoast SEO Premium plugin. -->","yoast_head_json":{"title":"Comprar Curso de cocina consciente - Clase individual Org\u00e1nico a domicilio en Costa Rica","description":"Curso de cocina consciente - Clase individual org\u00e1nico a domicilio en Costa Rica","robots":{"index":"index","follow":"follow","max-snippet":"max-snippet:-1","max-image-preview":"max-image-preview:large","max-video-preview":"max-video-preview:-1"},"canonical":"https:\/\/stag.mercato.cr\/en\/tienda\/experiencias\/curso-de-cocina-consciente-clase-individual\/","og_locale":"en_US","og_type":"article","og_title":"Curso de cocina consciente - Clase individual","og_description":"Curso de cocina consciente - Clase individual org\u00e1nico a domicilio en Costa Rica","og_url":"https:\/\/stag.mercato.cr\/en\/tienda\/experiencias\/curso-de-cocina-consciente-clase-individual\/","og_site_name":"Mercato - Alimentos con prop\u00f3sito","article_publisher":"https:\/\/www.facebook.com\/mercatocostarica","article_modified_time":"2022-12-03T14:46:11+00:00","og_image":[{"width":2251,"height":2106,"url":"https:\/\/i0.wp.com\/stag.mercato.cr\/wp-content\/uploads\/2021\/08\/clase-indiviual.jpg?fit=2251%2C2106&ssl=1","type":"image\/jpeg"}],"twitter_card":"summary_large_image","twitter_misc":{"Price":"&#x20a1;12,000.00 + IVA","Availability":"In stock"},"schema":{"@context":"https:\/\/schema.org","@graph":[{"@type":"WebPage","@id":"https:\/\/stag.mercato.cr\/en\/tienda\/experiencias\/curso-de-cocina-consciente-clase-individual\/","url":"https:\/\/stag.mercato.cr\/en\/tienda\/experiencias\/curso-de-cocina-consciente-clase-individual\/","name":"Comprar Curso de cocina consciente - Clase individual Org\u00e1nico a domicilio en Costa Rica","isPartOf":{"@id":"http:\/\/stag.mercato.cr\/en\/#website"},"datePublished":"2021-09-01T00:53:04+00:00","dateModified":"2022-12-03T14:46:11+00:00","description":"Curso de cocina consciente - Clase individual org\u00e1nico a domicilio en Costa Rica","breadcrumb":{"@id":"https:\/\/stag.mercato.cr\/en\/tienda\/experiencias\/curso-de-cocina-consciente-clase-individual\/#breadcrumb"},"inLanguage":"en-US","potentialAction":[{"@type":"ReadAction","target":["https:\/\/stag.mercato.cr\/en\/tienda\/experiencias\/curso-de-cocina-consciente-clase-individual\/"]}]},{"@type":"BreadcrumbList","@id":"https:\/\/stag.mercato.cr\/en\/tienda\/experiencias\/curso-de-cocina-consciente-clase-individual\/#breadcrumb","itemListElement":[{"@type":"ListItem","position":1,"name":"INICIO","item":"https:\/\/stag.mercato.cr\/en\/"},{"@type":"ListItem","position":2,"name":"Shop","item":"https:\/\/stag.mercato.cr\/en\/shop\/"},{"@type":"ListItem","position":3,"name":"Experiencias","item":"https:\/\/stag.mercato.cr\/en\/tienda\/experiencias\/"},{"@type":"ListItem","position":4,"name":"Curso de cocina consciente &#8211; Clase individual"}]},{"@type":"WebSite","@id":"http:\/\/stag.mercato.cr\/en\/#website","url":"http:\/\/stag.mercato.cr\/en\/","name":"Mercato - Alimentos con prop\u00f3sito","description":"Alimentos org\u00e1nicos reci\u00e9n cosechados entregados en tu casa, todos los d\u00edas.","potentialAction":[{"@type":"SearchAction","target":{"@type":"EntryPoint","urlTemplate":"http:\/\/stag.mercato.cr\/en\/?s={search_term_string}"},"query-input":"required name=search_term_string"}],"inLanguage":"en-US"}]},"product_price_amount":"12000.00","product_price_currency":"CRC","og_availability":"instock","product_availability":"instock","product_condition":"new"},"jetpack_sharing_enabled":true,"_links":{"self":[{"href":"https:\/\/stag.mercato.cr\/en\/wp-json\/wp\/v2\/product\/9220"}],"collection":[{"href":"https:\/\/stag.mercato.cr\/en\/wp-json\/wp\/v2\/product"}],"about":[{"href":"https:\/\/stag.mercato.cr\/en\/wp-json\/wp\/v2\/types\/product"}],"wp:featuredmedia":[{"embeddable":true,"href":"https:\/\/stag.mercato.cr\/en\/wp-json\/wp\/v2\/media\/9222"}],"wp:attachment":[{"href":"https:\/\/stag.mercato.cr\/en\/wp-json\/wp\/v2\/media?parent=9220"}],"wp:term":[{"taxonomy":"product_cat","embeddable":true,"href":"https:\/\/stag.mercato.cr\/en\/wp-json\/wp\/v2\/product_cat?post=9220"},{"taxonomy":"product_tag","embeddable":true,"href":"https:\/\/stag.mercato.cr\/en\/wp-json\/wp\/v2\/product_tag?post=9220"}],"curies":[{"name":"wp","href":"https:\/\/api.w.org\/{rel}","templated":true}]}}